{"id":783,"date":"2021-06-05T15:33:56","date_gmt":"2021-06-05T13:33:56","guid":{"rendered":"http:\/\/lucenic.eu\/?page_id=783"},"modified":"2023-12-03T01:50:55","modified_gmt":"2023-12-03T00:50:55","slug":"kurierske-sluzby","status":"publish","type":"page","link":"https:\/\/lucenic.eu\/?page_id=783","title":{"rendered":"KURI\u00c9RSKE SLU\u017dBY"},"content":{"rendered":"\t\t<div data-elementor-type=\"wp-page\" data-elementor-id=\"783\" class=\"elementor elementor-783\">\n\t\t\t\t\t\t<section class=\"elementor-section elementor-top-section elementor-element elementor-element-67e9b4d elementor-section-full_width elementor-section-height-default elementor-section-height-default\" data-id=\"67e9b4d\" data-element_type=\"section\" data-e-type=\"section\">\n\t\t\t\t\t\t<div class=\"elementor-container elementor-column-gap-default\">\n\t\t\t\t\t<div class=\"elementor-column elementor-col-100 elementor-top-column elementor-element elementor-element-f955055\" data-id=\"f955055\" data-element_type=\"column\" data-e-type=\"column\">\n\t\t\t<div class=\"elementor-widget-wrap elementor-element-populated\">\n\t\t\t\t\t\t<section class=\"elementor-section elementor-inner-section elementor-element elementor-element-3671695 elementor-section-full_width elementor-section-height-default elementor-section-height-default\" data-id=\"3671695\" data-element_type=\"section\" data-e-type=\"section\">\n\t\t\t\t\t\t<div class=\"elementor-container elementor-column-gap-default\">\n\t\t\t\t\t<div class=\"elementor-column elementor-col-33 elementor-inner-column elementor-element elementor-element-307a27f\" data-id=\"307a27f\" data-element_type=\"column\" data-e-type=\"column\" data-settings=\"{&quot;background_background&quot;:&quot;classic&quot;}\">\n\t\t\t<div class=\"elementor-widget-wrap elementor-element-populated\">\n\t\t\t\t\t\t<div class=\"elementor-element elementor-element-7c75b75 elementor-widget elementor-widget-spacer\" data-id=\"7c75b75\" data-element_type=\"widget\" data-e-type=\"widget\" data-widget_type=\"spacer.default\">\n\t\t\t\t<div class=\"elementor-widget-container\">\n\t\t\t\t\t\t\t<div class=\"elementor-spacer\">\n\t\t\t<div class=\"elementor-spacer-inner\"><\/div>\n\t\t<\/div>\n\t\t\t\t\t\t<\/div>\n\t\t\t\t<\/div>\n\t\t\t\t<div class=\"elementor-element elementor-element-01c7f20 elementor-widget elementor-widget-heading\" data-id=\"01c7f20\" data-element_type=\"widget\" data-e-type=\"widget\" data-widget_type=\"heading.default\">\n\t\t\t\t<div class=\"elementor-widget-container\">\n\t\t\t\t\t<h2 class=\"elementor-heading-title elementor-size-default\">R\u00ddCHLY KURI\u00c9R <\/h2>\t\t\t\t<\/div>\n\t\t\t\t<\/div>\n\t\t\t\t<div class=\"elementor-element elementor-element-2662be8 elementor-widget elementor-widget-spacer\" data-id=\"2662be8\" data-element_type=\"widget\" data-e-type=\"widget\" data-widget_type=\"spacer.default\">\n\t\t\t\t<div class=\"elementor-widget-container\">\n\t\t\t\t\t\t\t<div class=\"elementor-spacer\">\n\t\t\t<div class=\"elementor-spacer-inner\"><\/div>\n\t\t<\/div>\n\t\t\t\t\t\t<\/div>\n\t\t\t\t<\/div>\n\t\t\t\t<div class=\"elementor-element elementor-element-d28aabf elementor-widget elementor-widget-text-editor\" data-id=\"d28aabf\" data-element_type=\"widget\" data-e-type=\"widget\" data-widget_type=\"text-editor.default\">\n\t\t\t\t<div class=\"elementor-widget-container\">\n\t\t\t\t\t\t\t\t\t<center>Potrebujete prepravi\u0165 z\u00e1sielku, \u010di nie\u010do vyzdvihn\u00fa\u0165 v r\u00e1mci Bratislavy ?\n<center>\nMy zvl\u00e1dneme vyzdvihnutie aj doru\u010denie pod\u013ea Va\u0161ich po\u017eiadaviek aj v r\u00e1mci jedn\u00e9ho d\u0148a.\n<center>\nCena prepravy z\u00e1vis\u00ed od parametrov objedn\u00e1vky a r\u00fdchlosti akou potrebujete z\u00e1sielku prepravi\u0165.\t\t\t\t\t\t\t\t<\/div>\n\t\t\t\t<\/div>\n\t\t\t\t\t<\/div>\n\t\t<\/div>\n\t\t\t\t<div class=\"elementor-column elementor-col-33 elementor-inner-column elementor-element elementor-element-47af5dc\" data-id=\"47af5dc\" data-element_type=\"column\" data-e-type=\"column\" data-settings=\"{&quot;background_background&quot;:&quot;classic&quot;}\">\n\t\t\t<div class=\"elementor-widget-wrap elementor-element-populated\">\n\t\t\t\t\t\t<div class=\"elementor-element elementor-element-601f654 elementor-widget elementor-widget-spacer\" data-id=\"601f654\" data-element_type=\"widget\" data-e-type=\"widget\" data-widget_type=\"spacer.default\">\n\t\t\t\t<div class=\"elementor-widget-container\">\n\t\t\t\t\t\t\t<div class=\"elementor-spacer\">\n\t\t\t<div class=\"elementor-spacer-inner\"><\/div>\n\t\t<\/div>\n\t\t\t\t\t\t<\/div>\n\t\t\t\t<\/div>\n\t\t\t\t<div class=\"elementor-element elementor-element-77738b2 elementor-widget elementor-widget-heading\" data-id=\"77738b2\" data-element_type=\"widget\" data-e-type=\"widget\" data-widget_type=\"heading.default\">\n\t\t\t\t<div class=\"elementor-widget-container\">\n\t\t\t\t\t<h2 class=\"elementor-heading-title elementor-size-default\">DIA\u013dKOV\u00dd KURI\u00c9R<\/h2>\t\t\t\t<\/div>\n\t\t\t\t<\/div>\n\t\t\t\t<div class=\"elementor-element elementor-element-14b41f9 elementor-widget elementor-widget-spacer\" data-id=\"14b41f9\" data-element_type=\"widget\" data-e-type=\"widget\" data-widget_type=\"spacer.default\">\n\t\t\t\t<div class=\"elementor-widget-container\">\n\t\t\t\t\t\t\t<div class=\"elementor-spacer\">\n\t\t\t<div class=\"elementor-spacer-inner\"><\/div>\n\t\t<\/div>\n\t\t\t\t\t\t<\/div>\n\t\t\t\t<\/div>\n\t\t\t\t<div class=\"elementor-element elementor-element-26908c4 elementor-widget elementor-widget-text-editor\" data-id=\"26908c4\" data-element_type=\"widget\" data-e-type=\"widget\" data-widget_type=\"text-editor.default\">\n\t\t\t\t<div class=\"elementor-widget-container\">\n\t\t\t\t\t\t\t\t\t<center>Potrebujete z\u00e1sielku prepravi\u0165 priamo z bodu A do bodu B bez vyu\u017e\u00edvania kuri\u00e9rskych spolo\u010dnost\u00ed, kde z\u00e1sielka cestuje nieko\u013eko dn\u00ed a prech\u00e1dza cez mnoho pracovn\u00edkov?\n<center>\nPon\u00fakame mo\u017enos\u0165 prevozu z\u00e1sielok aj na v\u00e4\u010d\u0161ie vzdialenosti priamo medzi odosielate\u013eom a adres\u00e1tom.\t\t\t\t\t\t\t\t<\/div>\n\t\t\t\t<\/div>\n\t\t\t\t\t<\/div>\n\t\t<\/div>\n\t\t\t\t<div class=\"elementor-column elementor-col-33 elementor-inner-column elementor-element elementor-element-90d31b2\" data-id=\"90d31b2\" data-element_type=\"column\" data-e-type=\"column\" data-settings=\"{&quot;background_background&quot;:&quot;classic&quot;}\">\n\t\t\t<div class=\"elementor-widget-wrap elementor-element-populated\">\n\t\t\t\t\t\t<div class=\"elementor-element elementor-element-3dfb21e elementor-widget elementor-widget-spacer\" data-id=\"3dfb21e\" data-element_type=\"widget\" data-e-type=\"widget\" data-widget_type=\"spacer.default\">\n\t\t\t\t<div class=\"elementor-widget-container\">\n\t\t\t\t\t\t\t<div class=\"elementor-spacer\">\n\t\t\t<div class=\"elementor-spacer-inner\"><\/div>\n\t\t<\/div>\n\t\t\t\t\t\t<\/div>\n\t\t\t\t<\/div>\n\t\t\t\t<div class=\"elementor-element elementor-element-b9eb84a elementor-widget elementor-widget-heading\" data-id=\"b9eb84a\" data-element_type=\"widget\" data-e-type=\"widget\" data-widget_type=\"heading.default\">\n\t\t\t\t<div class=\"elementor-widget-container\">\n\t\t\t\t\t<h2 class=\"elementor-heading-title elementor-size-default\">V\u00ddPOMOC PRE FIRMY<\/h2>\t\t\t\t<\/div>\n\t\t\t\t<\/div>\n\t\t\t\t<div class=\"elementor-element elementor-element-7a14f08 elementor-widget elementor-widget-spacer\" data-id=\"7a14f08\" data-element_type=\"widget\" data-e-type=\"widget\" data-widget_type=\"spacer.default\">\n\t\t\t\t<div class=\"elementor-widget-container\">\n\t\t\t\t\t\t\t<div class=\"elementor-spacer\">\n\t\t\t<div class=\"elementor-spacer-inner\"><\/div>\n\t\t<\/div>\n\t\t\t\t\t\t<\/div>\n\t\t\t\t<\/div>\n\t\t\t\t<div class=\"elementor-element elementor-element-f9885f6 elementor-widget elementor-widget-text-editor\" data-id=\"f9885f6\" data-element_type=\"widget\" data-e-type=\"widget\" data-widget_type=\"text-editor.default\">\n\t\t\t\t<div class=\"elementor-widget-container\">\n\t\t\t\t\t\t\t\t\t<center>Vyu\u017e\u00edvate vo svojej spolo\u010dnosti rozvoz objedn\u00e1vok z\u00e1kazn\u00edkom?<br \/><center>\u010co v pr\u00edpadoch ak V\u00e1m vypadne zamestnanec alebo sa nahromad\u00ed ve\u013ek\u00fd po\u010det objedn\u00e1vok na rozvoz naraz ? Pon\u00fakame mo\u017enos\u0165 individu\u00e1lne dohodnutej externej spolupr\u00e1ce, na mieru pod\u013ea Va\u0161ich predst\u00e1v.<\/center><\/center>\t\t\t\t\t\t\t\t<\/div>\n\t\t\t\t<\/div>\n\t\t\t\t\t<\/div>\n\t\t<\/div>\n\t\t\t\t\t<\/div>\n\t\t<\/section>\n\t\t\t\t\t<\/div>\n\t\t<\/div>\n\t\t\t\t\t<\/div>\n\t\t<\/section>\n\t\t\t\t<section class=\"elementor-section elementor-top-section elementor-element elementor-element-8c948fb elementor-section-boxed elementor-section-height-default elementor-section-height-default\" data-id=\"8c948fb\" data-element_type=\"section\" data-e-type=\"section\">\n\t\t\t\t\t\t<div class=\"elementor-container elementor-column-gap-default\">\n\t\t\t\t\t<div class=\"elementor-column elementor-col-100 elementor-top-column elementor-element elementor-element-0f87fe9\" data-id=\"0f87fe9\" data-element_type=\"column\" data-e-type=\"column\">\n\t\t\t<div class=\"elementor-widget-wrap elementor-element-populated\">\n\t\t\t\t\t\t<div class=\"elementor-element elementor-element-30466f6 elementor-align-center elementor-widget elementor-widget-button\" data-id=\"30466f6\" data-element_type=\"widget\" data-e-type=\"widget\" data-widget_type=\"button.default\">\n\t\t\t\t<div class=\"elementor-widget-container\">\n\t\t\t\t\t\t\t\t\t<div class=\"elementor-button-wrapper\">\n\t\t\t\t\t<a class=\"elementor-button elementor-button-link elementor-size-md\" href=\"https:\/\/lucenic.eu\/?page_id=804\">\n\t\t\t\t\t\t<span class=\"elementor-button-content-wrapper\">\n\t\t\t\t\t\t\t\t\t<span class=\"elementor-button-text\">KONTAKTN\u00dd FORMUL\u00c1R<\/span>\n\t\t\t\t\t<\/span>\n\t\t\t\t\t<\/a>\n\t\t\t\t<\/div>\n\t\t\t\t\t\t\t\t<\/div>\n\t\t\t\t<\/div>\n\t\t\t\t\t<\/div>\n\t\t<\/div>\n\t\t\t\t\t<\/div>\n\t\t<\/section>\n\t\t\t\t<section class=\"elementor-section elementor-top-section elementor-element elementor-element-1036100 elementor-section-boxed elementor-section-height-default elementor-section-height-default\" data-id=\"1036100\" data-element_type=\"section\" data-e-type=\"section\">\n\t\t\t\t\t\t<div class=\"elementor-container elementor-column-gap-default\">\n\t\t\t\t\t<div class=\"elementor-column elementor-col-100 elementor-top-column elementor-element elementor-element-1fb18e5\" data-id=\"1fb18e5\" data-element_type=\"column\" data-e-type=\"column\">\n\t\t\t<div class=\"elementor-widget-wrap elementor-element-populated\">\n\t\t\t\t\t\t<div class=\"elementor-element elementor-element-92c7fec elementor-widget elementor-widget-spacer\" data-id=\"92c7fec\" data-element_type=\"widget\" data-e-type=\"widget\" data-widget_type=\"spacer.default\">\n\t\t\t\t<div class=\"elementor-widget-container\">\n\t\t\t\t\t\t\t<div class=\"elementor-spacer\">\n\t\t\t<div class=\"elementor-spacer-inner\"><\/div>\n\t\t<\/div>\n\t\t\t\t\t\t<\/div>\n\t\t\t\t<\/div>\n\t\t\t\t\t<\/div>\n\t\t<\/div>\n\t\t\t\t\t<\/div>\n\t\t<\/section>\n\t\t\t\t<section class=\"elementor-section elementor-top-section elementor-element elementor-element-2ea6bef elementor-section-full_width elementor-section-stretched elementor-section-height-default elementor-section-height-default\" data-id=\"2ea6bef\" data-element_type=\"section\" data-e-type=\"section\" data-settings=\"{&quot;stretch_section&quot;:&quot;section-stretched&quot;,&quot;background_background&quot;:&quot;classic&quot;}\">\n\t\t\t\t\t\t<div class=\"elementor-container elementor-column-gap-default\">\n\t\t\t\t\t<div class=\"elementor-column elementor-col-33 elementor-top-column elementor-element elementor-element-0b12892\" data-id=\"0b12892\" data-element_type=\"column\" data-e-type=\"column\">\n\t\t\t<div class=\"elementor-widget-wrap elementor-element-populated\">\n\t\t\t\t\t\t<div class=\"elementor-element elementor-element-8ca7d75 elementor-widget elementor-widget-image\" data-id=\"8ca7d75\" data-element_type=\"widget\" data-e-type=\"widget\" data-widget_type=\"image.default\">\n\t\t\t\t<div class=\"elementor-widget-container\">\n\t\t\t\t\t\t\t\t\t\t\t\t\t\t\t<img fetchpriority=\"high\" decoding=\"async\" width=\"768\" height=\"292\" src=\"https:\/\/lucenic.eu\/wp-content\/uploads\/2021\/06\/logo-biele-768x292.png\" class=\"attachment-medium_large size-medium_large wp-image-759\" alt=\"\" srcset=\"https:\/\/lucenic.eu\/wp-content\/uploads\/2021\/06\/logo-biele-768x292.png 768w, https:\/\/lucenic.eu\/wp-content\/uploads\/2021\/06\/logo-biele-300x114.png 300w, https:\/\/lucenic.eu\/wp-content\/uploads\/2021\/06\/logo-biele-600x228.png 600w, https:\/\/lucenic.eu\/wp-content\/uploads\/2021\/06\/logo-biele.png 1024w\" sizes=\"(max-width: 768px) 100vw, 768px\" \/>\t\t\t\t\t\t\t\t\t\t\t\t\t\t\t<\/div>\n\t\t\t\t<\/div>\n\t\t\t\t\t<\/div>\n\t\t<\/div>\n\t\t\t\t<div class=\"elementor-column elementor-col-33 elementor-top-column elementor-element elementor-element-cc29f09\" data-id=\"cc29f09\" data-element_type=\"column\" data-e-type=\"column\">\n\t\t\t<div class=\"elementor-widget-wrap elementor-element-populated\">\n\t\t\t\t\t\t<div class=\"elementor-element elementor-element-9c71038 elementor-widget elementor-widget-button\" data-id=\"9c71038\" data-element_type=\"widget\" data-e-type=\"widget\" data-widget_type=\"button.default\">\n\t\t\t\t<div class=\"elementor-widget-container\">\n\t\t\t\t\t\t\t\t\t<div class=\"elementor-button-wrapper\">\n\t\t\t\t\t<a class=\"elementor-button elementor-button-link elementor-size-sm\" href=\"http:\/\/lucenic.eu\/wp-content\/uploads\/2023\/12\/2-VSEOBECNE-OBCHODNO-PREPRAVNE-PODMIENKY-A-ZASADY-OCHRANY-OSOBNYCH-UDAJOV-od-1.6.2023.pdf\">\n\t\t\t\t\t\t<span class=\"elementor-button-content-wrapper\">\n\t\t\t\t\t\t\t\t\t<span class=\"elementor-button-text\">V\u0160EOBECN\u00c9 OBCHODNO-PREPRAVN\u00c9 PODMIENKY A Z\u00c1SADY OCHRANY OSOBN\u00ddCH \u00daDAJOV<\/span>\n\t\t\t\t\t<\/span>\n\t\t\t\t\t<\/a>\n\t\t\t\t<\/div>\n\t\t\t\t\t\t\t\t<\/div>\n\t\t\t\t<\/div>\n\t\t\t\t\t<\/div>\n\t\t<\/div>\n\t\t\t\t<div class=\"elementor-column elementor-col-33 elementor-top-column elementor-element elementor-element-3b7c3ad\" data-id=\"3b7c3ad\" data-element_type=\"column\" data-e-type=\"column\">\n\t\t\t<div class=\"elementor-widget-wrap elementor-element-populated\">\n\t\t\t\t\t\t<div class=\"elementor-element elementor-element-e5f2648 elementor-widget elementor-widget-text-editor\" data-id=\"e5f2648\" data-element_type=\"widget\" data-e-type=\"widget\" data-widget_type=\"text-editor.default\">\n\t\t\t\t<div class=\"elementor-widget-container\">\n\t\t\t\t\t\t\t\t\t<strong> LU\u010cENI\u010c s.r.o. <\/strong>\n<br>\ns\u00eddlo: Zlatohorsk\u00e1 6, 841 03 Bratislava <br>\nI\u010cO: 53 759 699 <br>\nDI\u010c: 2121483848 <br>\nI\u010c DPH: SK2121483848 <br>\nemail: lucenic@lucenic.eu <br>\ntel.\u010d.: +421 910 826 682\t\t\t\t\t\t\t\t<\/div>\n\t\t\t\t<\/div>\n\t\t\t\t\t<\/div>\n\t\t<\/div>\n\t\t\t\t\t<\/div>\n\t\t<\/section>\n\t\t\t\t<\/div>\n\t\t","protected":false},"excerpt":{"rendered":"<p>R\u00ddCHLY KURI\u00c9R Potrebujete prepravi\u0165 z\u00e1sielku, \u010di nie\u010do vyzdvihn\u00fa\u0165 v r\u00e1mci Bratislavy ? My zvl\u00e1dneme vyzdvihnutie aj doru\u010denie pod\u013ea Va\u0161ich po\u017eiadaviek &hellip; <\/p>\n","protected":false},"author":1,"featured_media":0,"parent":0,"menu_order":0,"comment_status":"closed","ping_status":"closed","template":"elementor_header_footer","meta":{"_monsterinsights_skip_tracking":false,"_monsterinsights_sitenote_active":false,"_monsterinsights_sitenote_note":"","_monsterinsights_sitenote_category":0,"footnotes":""},"class_list":["post-783","page","type-page","status-publish","hentry"],"yoast_head":"<!-- This site is optimized with the Yoast SEO plugin v27.4 - https:\/\/yoast.com\/product\/yoast-seo-wordpress\/ -->\n<title>KURI\u00c9RSKE SLU\u017dBY - LU\u010cENI\u010c s.r.o.<\/title>\n<meta name=\"description\" content=\"Potrebuje vr\u00e1ti\u0165 spolu\u017eiakovi po\u017ei\u010dan\u00fa u\u010debnicu, babi\u010dke posla\u0165 obed, prinies\u0165 prv\u00e1\u010dikovi zabudnut\u00fd \u00fabor alebo prenies\u0165 d\u00f4le\u017eit\u00e9 dokumenty?\" \/>\n<meta name=\"robots\" content=\"index, follow, max-snippet:-1, max-image-preview:large, max-video-preview:-1\" \/>\n<link rel=\"canonical\" href=\"https:\/\/lucenic.eu\/?page_id=783\" \/>\n<meta property=\"og:locale\" content=\"sk_SK\" \/>\n<meta property=\"og:type\" content=\"article\" \/>\n<meta property=\"og:title\" content=\"KURI\u00c9RSKE SLU\u017dBY - LU\u010cENI\u010c s.r.o.\" \/>\n<meta property=\"og:description\" content=\"Potrebuje vr\u00e1ti\u0165 spolu\u017eiakovi po\u017ei\u010dan\u00fa u\u010debnicu, babi\u010dke posla\u0165 obed, prinies\u0165 prv\u00e1\u010dikovi zabudnut\u00fd \u00fabor alebo prenies\u0165 d\u00f4le\u017eit\u00e9 dokumenty?\" \/>\n<meta property=\"og:url\" content=\"https:\/\/lucenic.eu\/?page_id=783\" \/>\n<meta property=\"og:site_name\" content=\"LU\u010cENI\u010c s.r.o.\" \/>\n<meta property=\"article:publisher\" content=\"https:\/\/www.facebook.com\/lucenic.sro\" \/>\n<meta property=\"article:modified_time\" content=\"2023-12-03T00:50:55+00:00\" \/>\n<meta property=\"og:image\" content=\"http:\/\/lucenic.eu\/wp-content\/uploads\/2021\/06\/logo-biele-768x292.png\" \/>\n<meta name=\"twitter:card\" content=\"summary_large_image\" \/>\n<meta name=\"twitter:label1\" content=\"Predpokladan\u00fd \u010das \u010d\u00edtania\" \/>\n\t<meta name=\"twitter:data1\" content=\"1 min\u00fata\" \/>\n<script type=\"application\/ld+json\" class=\"yoast-schema-graph\">{\"@context\":\"https:\\\/\\\/schema.org\",\"@graph\":[{\"@type\":\"WebPage\",\"@id\":\"https:\\\/\\\/lucenic.eu\\\/?page_id=783\",\"url\":\"https:\\\/\\\/lucenic.eu\\\/?page_id=783\",\"name\":\"KURI\u00c9RSKE SLU\u017dBY - LU\u010cENI\u010c s.r.o.\",\"isPartOf\":{\"@id\":\"https:\\\/\\\/lucenic.eu\\\/#website\"},\"primaryImageOfPage\":{\"@id\":\"https:\\\/\\\/lucenic.eu\\\/?page_id=783#primaryimage\"},\"image\":{\"@id\":\"https:\\\/\\\/lucenic.eu\\\/?page_id=783#primaryimage\"},\"thumbnailUrl\":\"http:\\\/\\\/lucenic.eu\\\/wp-content\\\/uploads\\\/2021\\\/06\\\/logo-biele-768x292.png\",\"datePublished\":\"2021-06-05T13:33:56+00:00\",\"dateModified\":\"2023-12-03T00:50:55+00:00\",\"description\":\"Potrebuje vr\u00e1ti\u0165 spolu\u017eiakovi po\u017ei\u010dan\u00fa u\u010debnicu, babi\u010dke posla\u0165 obed, prinies\u0165 prv\u00e1\u010dikovi zabudnut\u00fd \u00fabor alebo prenies\u0165 d\u00f4le\u017eit\u00e9 dokumenty?\",\"breadcrumb\":{\"@id\":\"https:\\\/\\\/lucenic.eu\\\/?page_id=783#breadcrumb\"},\"inLanguage\":\"sk-SK\",\"potentialAction\":[{\"@type\":\"ReadAction\",\"target\":[\"https:\\\/\\\/lucenic.eu\\\/?page_id=783\"]}]},{\"@type\":\"ImageObject\",\"inLanguage\":\"sk-SK\",\"@id\":\"https:\\\/\\\/lucenic.eu\\\/?page_id=783#primaryimage\",\"url\":\"https:\\\/\\\/lucenic.eu\\\/wp-content\\\/uploads\\\/2021\\\/06\\\/logo-biele.png\",\"contentUrl\":\"https:\\\/\\\/lucenic.eu\\\/wp-content\\\/uploads\\\/2021\\\/06\\\/logo-biele.png\",\"width\":1024,\"height\":389},{\"@type\":\"BreadcrumbList\",\"@id\":\"https:\\\/\\\/lucenic.eu\\\/?page_id=783#breadcrumb\",\"itemListElement\":[{\"@type\":\"ListItem\",\"position\":1,\"name\":\"Home\",\"item\":\"https:\\\/\\\/lucenic.eu\\\/\"},{\"@type\":\"ListItem\",\"position\":2,\"name\":\"KURI\u00c9RSKE SLU\u017dBY\"}]},{\"@type\":\"WebSite\",\"@id\":\"https:\\\/\\\/lucenic.eu\\\/#website\",\"url\":\"https:\\\/\\\/lucenic.eu\\\/\",\"name\":\"LU\u010cENI\u010c s.r.o.\",\"description\":\"Pre pote\u0161enie z cesty\",\"publisher\":{\"@id\":\"https:\\\/\\\/lucenic.eu\\\/#organization\"},\"potentialAction\":[{\"@type\":\"SearchAction\",\"target\":{\"@type\":\"EntryPoint\",\"urlTemplate\":\"https:\\\/\\\/lucenic.eu\\\/?s={search_term_string}\"},\"query-input\":{\"@type\":\"PropertyValueSpecification\",\"valueRequired\":true,\"valueName\":\"search_term_string\"}}],\"inLanguage\":\"sk-SK\"},{\"@type\":\"Organization\",\"@id\":\"https:\\\/\\\/lucenic.eu\\\/#organization\",\"name\":\"LU\u010cENI\u010c s.r.o.\",\"url\":\"https:\\\/\\\/lucenic.eu\\\/\",\"logo\":{\"@type\":\"ImageObject\",\"inLanguage\":\"sk-SK\",\"@id\":\"https:\\\/\\\/lucenic.eu\\\/#\\\/schema\\\/logo\\\/image\\\/\",\"url\":\"https:\\\/\\\/lucenic.eu\\\/wp-content\\\/uploads\\\/2020\\\/04\\\/Pruhledny.png\",\"contentUrl\":\"https:\\\/\\\/lucenic.eu\\\/wp-content\\\/uploads\\\/2020\\\/04\\\/Pruhledny.png\",\"width\":1024,\"height\":389,\"caption\":\"LU\u010cENI\u010c s.r.o.\"},\"image\":{\"@id\":\"https:\\\/\\\/lucenic.eu\\\/#\\\/schema\\\/logo\\\/image\\\/\"},\"sameAs\":[\"https:\\\/\\\/www.facebook.com\\\/lucenic.sro\"]}]}<\/script>\n<!-- \/ Yoast SEO plugin. -->","yoast_head_json":{"title":"KURI\u00c9RSKE SLU\u017dBY - LU\u010cENI\u010c s.r.o.","description":"Potrebuje vr\u00e1ti\u0165 spolu\u017eiakovi po\u017ei\u010dan\u00fa u\u010debnicu, babi\u010dke posla\u0165 obed, prinies\u0165 prv\u00e1\u010dikovi zabudnut\u00fd \u00fabor alebo prenies\u0165 d\u00f4le\u017eit\u00e9 dokumenty?","robots":{"index":"index","follow":"follow","max-snippet":"max-snippet:-1","max-image-preview":"max-image-preview:large","max-video-preview":"max-video-preview:-1"},"canonical":"https:\/\/lucenic.eu\/?page_id=783","og_locale":"sk_SK","og_type":"article","og_title":"KURI\u00c9RSKE SLU\u017dBY - LU\u010cENI\u010c s.r.o.","og_description":"Potrebuje vr\u00e1ti\u0165 spolu\u017eiakovi po\u017ei\u010dan\u00fa u\u010debnicu, babi\u010dke posla\u0165 obed, prinies\u0165 prv\u00e1\u010dikovi zabudnut\u00fd \u00fabor alebo prenies\u0165 d\u00f4le\u017eit\u00e9 dokumenty?","og_url":"https:\/\/lucenic.eu\/?page_id=783","og_site_name":"LU\u010cENI\u010c s.r.o.","article_publisher":"https:\/\/www.facebook.com\/lucenic.sro","article_modified_time":"2023-12-03T00:50:55+00:00","og_image":[{"url":"http:\/\/lucenic.eu\/wp-content\/uploads\/2021\/06\/logo-biele-768x292.png","type":"","width":"","height":""}],"twitter_card":"summary_large_image","twitter_misc":{"Predpokladan\u00fd \u010das \u010d\u00edtania":"1 min\u00fata"},"schema":{"@context":"https:\/\/schema.org","@graph":[{"@type":"WebPage","@id":"https:\/\/lucenic.eu\/?page_id=783","url":"https:\/\/lucenic.eu\/?page_id=783","name":"KURI\u00c9RSKE SLU\u017dBY - LU\u010cENI\u010c s.r.o.","isPartOf":{"@id":"https:\/\/lucenic.eu\/#website"},"primaryImageOfPage":{"@id":"https:\/\/lucenic.eu\/?page_id=783#primaryimage"},"image":{"@id":"https:\/\/lucenic.eu\/?page_id=783#primaryimage"},"thumbnailUrl":"http:\/\/lucenic.eu\/wp-content\/uploads\/2021\/06\/logo-biele-768x292.png","datePublished":"2021-06-05T13:33:56+00:00","dateModified":"2023-12-03T00:50:55+00:00","description":"Potrebuje vr\u00e1ti\u0165 spolu\u017eiakovi po\u017ei\u010dan\u00fa u\u010debnicu, babi\u010dke posla\u0165 obed, prinies\u0165 prv\u00e1\u010dikovi zabudnut\u00fd \u00fabor alebo prenies\u0165 d\u00f4le\u017eit\u00e9 dokumenty?","breadcrumb":{"@id":"https:\/\/lucenic.eu\/?page_id=783#breadcrumb"},"inLanguage":"sk-SK","potentialAction":[{"@type":"ReadAction","target":["https:\/\/lucenic.eu\/?page_id=783"]}]},{"@type":"ImageObject","inLanguage":"sk-SK","@id":"https:\/\/lucenic.eu\/?page_id=783#primaryimage","url":"https:\/\/lucenic.eu\/wp-content\/uploads\/2021\/06\/logo-biele.png","contentUrl":"https:\/\/lucenic.eu\/wp-content\/uploads\/2021\/06\/logo-biele.png","width":1024,"height":389},{"@type":"BreadcrumbList","@id":"https:\/\/lucenic.eu\/?page_id=783#breadcrumb","itemListElement":[{"@type":"ListItem","position":1,"name":"Home","item":"https:\/\/lucenic.eu\/"},{"@type":"ListItem","position":2,"name":"KURI\u00c9RSKE SLU\u017dBY"}]},{"@type":"WebSite","@id":"https:\/\/lucenic.eu\/#website","url":"https:\/\/lucenic.eu\/","name":"LU\u010cENI\u010c s.r.o.","description":"Pre pote\u0161enie z cesty","publisher":{"@id":"https:\/\/lucenic.eu\/#organization"},"potentialAction":[{"@type":"SearchAction","target":{"@type":"EntryPoint","urlTemplate":"https:\/\/lucenic.eu\/?s={search_term_string}"},"query-input":{"@type":"PropertyValueSpecification","valueRequired":true,"valueName":"search_term_string"}}],"inLanguage":"sk-SK"},{"@type":"Organization","@id":"https:\/\/lucenic.eu\/#organization","name":"LU\u010cENI\u010c s.r.o.","url":"https:\/\/lucenic.eu\/","logo":{"@type":"ImageObject","inLanguage":"sk-SK","@id":"https:\/\/lucenic.eu\/#\/schema\/logo\/image\/","url":"https:\/\/lucenic.eu\/wp-content\/uploads\/2020\/04\/Pruhledny.png","contentUrl":"https:\/\/lucenic.eu\/wp-content\/uploads\/2020\/04\/Pruhledny.png","width":1024,"height":389,"caption":"LU\u010cENI\u010c s.r.o."},"image":{"@id":"https:\/\/lucenic.eu\/#\/schema\/logo\/image\/"},"sameAs":["https:\/\/www.facebook.com\/lucenic.sro"]}]}},"_links":{"self":[{"href":"https:\/\/lucenic.eu\/index.php?rest_route=\/wp\/v2\/pages\/783","targetHints":{"allow":["GET"]}}],"collection":[{"href":"https:\/\/lucenic.eu\/index.php?rest_route=\/wp\/v2\/pages"}],"about":[{"href":"https:\/\/lucenic.eu\/index.php?rest_route=\/wp\/v2\/types\/page"}],"author":[{"embeddable":true,"href":"https:\/\/lucenic.eu\/index.php?rest_route=\/wp\/v2\/users\/1"}],"replies":[{"embeddable":true,"href":"https:\/\/lucenic.eu\/index.php?rest_route=%2Fwp%2Fv2%2Fcomments&post=783"}],"version-history":[{"count":6,"href":"https:\/\/lucenic.eu\/index.php?rest_route=\/wp\/v2\/pages\/783\/revisions"}],"predecessor-version":[{"id":2690,"href":"https:\/\/lucenic.eu\/index.php?rest_route=\/wp\/v2\/pages\/783\/revisions\/2690"}],"wp:attachment":[{"href":"https:\/\/lucenic.eu\/index.php?rest_route=%2Fwp%2Fv2%2Fmedia&parent=783"}],"curies":[{"name":"wp","href":"https:\/\/api.w.org\/{rel}","templated":true}]}}