{"id":785,"date":"2021-06-05T15:35:49","date_gmt":"2021-06-05T13:35:49","guid":{"rendered":"http:\/\/lucenic.eu\/?page_id=785"},"modified":"2022-02-04T09:26:26","modified_gmt":"2022-02-04T08:26:26","slug":"prenajom-vozidla-s-vodicom","status":"publish","type":"page","link":"https:\/\/lucenic.eu\/?page_id=785","title":{"rendered":"PREN\u00c1JOM VOZIDLA S VODI\u010cOM"},"content":{"rendered":"\t\t<div data-elementor-type=\"wp-page\" data-elementor-id=\"785\" class=\"elementor elementor-785\">\n\t\t\t\t\t\t<section class=\"elementor-section elementor-top-section elementor-element elementor-element-f90a804 elementor-section-boxed elementor-section-height-default elementor-section-height-default\" data-id=\"f90a804\" data-element_type=\"section\" data-e-type=\"section\">\n\t\t\t\t\t\t<div class=\"elementor-container elementor-column-gap-default\">\n\t\t\t\t\t<div class=\"elementor-column elementor-col-100 elementor-top-column elementor-element elementor-element-177f8f3\" data-id=\"177f8f3\" data-element_type=\"column\" data-e-type=\"column\">\n\t\t\t<div class=\"elementor-widget-wrap elementor-element-populated\">\n\t\t\t\t\t\t<div class=\"elementor-element elementor-element-cc47924 elementor-widget elementor-widget-spacer\" data-id=\"cc47924\" data-element_type=\"widget\" data-e-type=\"widget\" data-widget_type=\"spacer.default\">\n\t\t\t\t<div class=\"elementor-widget-container\">\n\t\t\t\t\t\t\t<div class=\"elementor-spacer\">\n\t\t\t<div class=\"elementor-spacer-inner\"><\/div>\n\t\t<\/div>\n\t\t\t\t\t\t<\/div>\n\t\t\t\t<\/div>\n\t\t\t\t\t<\/div>\n\t\t<\/div>\n\t\t\t\t\t<\/div>\n\t\t<\/section>\n\t\t\t\t<section class=\"elementor-section elementor-top-section elementor-element elementor-element-fe636c4 elementor-section-boxed elementor-section-height-default elementor-section-height-default\" data-id=\"fe636c4\" data-element_type=\"section\" data-e-type=\"section\">\n\t\t\t\t\t\t<div class=\"elementor-container elementor-column-gap-default\">\n\t\t\t\t\t<div class=\"elementor-column elementor-col-100 elementor-top-column elementor-element elementor-element-481934f\" data-id=\"481934f\" data-element_type=\"column\" data-e-type=\"column\">\n\t\t\t<div class=\"elementor-widget-wrap elementor-element-populated\">\n\t\t\t\t\t\t<div class=\"elementor-element elementor-element-a8ac8e3 elementor-widget elementor-widget-heading\" data-id=\"a8ac8e3\" data-element_type=\"widget\" data-e-type=\"widget\" data-widget_type=\"heading.default\">\n\t\t\t\t<div class=\"elementor-widget-container\">\n\t\t\t\t\t<h1 class=\"elementor-heading-title elementor-size-xxl\">PREN\u00c1JOM VOZIDLA S VODI\u010cOM<\/h1>\t\t\t\t<\/div>\n\t\t\t\t<\/div>\n\t\t\t\t\t<\/div>\n\t\t<\/div>\n\t\t\t\t\t<\/div>\n\t\t<\/section>\n\t\t\t\t<section class=\"elementor-section elementor-top-section elementor-element elementor-element-24a700d elementor-section-boxed elementor-section-height-default elementor-section-height-default\" data-id=\"24a700d\" data-element_type=\"section\" data-e-type=\"section\">\n\t\t\t\t\t\t<div class=\"elementor-container elementor-column-gap-default\">\n\t\t\t\t\t<div class=\"elementor-column elementor-col-100 elementor-top-column elementor-element elementor-element-b834cda\" data-id=\"b834cda\" data-element_type=\"column\" data-e-type=\"column\">\n\t\t\t<div class=\"elementor-widget-wrap elementor-element-populated\">\n\t\t\t\t\t\t<div class=\"elementor-element elementor-element-6b3bd9e elementor-widget-divider--view-line elementor-widget elementor-widget-divider\" data-id=\"6b3bd9e\" data-element_type=\"widget\" data-e-type=\"widget\" data-widget_type=\"divider.default\">\n\t\t\t\t<div class=\"elementor-widget-container\">\n\t\t\t\t\t\t\t<div class=\"elementor-divider\">\n\t\t\t<span class=\"elementor-divider-separator\">\n\t\t\t\t\t\t<\/span>\n\t\t<\/div>\n\t\t\t\t\t\t<\/div>\n\t\t\t\t<\/div>\n\t\t\t\t\t<\/div>\n\t\t<\/div>\n\t\t\t\t\t<\/div>\n\t\t<\/section>\n\t\t\t\t<section class=\"elementor-section elementor-top-section elementor-element elementor-element-1d99c59 elementor-section-boxed elementor-section-height-default elementor-section-height-default\" data-id=\"1d99c59\" data-element_type=\"section\" data-e-type=\"section\">\n\t\t\t\t\t\t<div class=\"elementor-container elementor-column-gap-default\">\n\t\t\t\t\t<div class=\"elementor-column elementor-col-100 elementor-top-column elementor-element elementor-element-673f342\" data-id=\"673f342\" data-element_type=\"column\" data-e-type=\"column\">\n\t\t\t<div class=\"elementor-widget-wrap elementor-element-populated\">\n\t\t\t\t\t\t<div class=\"elementor-element elementor-element-76a13c1 elementor-widget elementor-widget-text-editor\" data-id=\"76a13c1\" data-element_type=\"widget\" data-e-type=\"widget\" data-widget_type=\"text-editor.default\">\n\t\t\t\t<div class=\"elementor-widget-container\">\n\t\t\t\t\t\t\t\t\t<center> \u010cak\u00e1 V\u00e1s n\u00e1ro\u010dn\u00fd de\u0148, kedy sa potrebujete r\u00fdchlo a\u00a0spo\u013eahlivo prepravova\u0165 z\u00a0miesta na miesto bez straty \u010dasu parkovan\u00edm \u010di\u00a0\u010dakan\u00edm na tax\u00edky? <br> <strong> Prenajmite si na\u0161e vozidlo spolu s\u00a0vodi\u010dom a\u00a0vyu\u017eite svoj \u010das efekt\u00edvne.\t\t\t\t\t\t\t\t<\/div>\n\t\t\t\t<\/div>\n\t\t\t\t\t<\/div>\n\t\t<\/div>\n\t\t\t\t\t<\/div>\n\t\t<\/section>\n\t\t\t\t<section class=\"elementor-section elementor-top-section elementor-element elementor-element-1d94195 elementor-section-boxed elementor-section-height-default elementor-section-height-default\" data-id=\"1d94195\" data-element_type=\"section\" data-e-type=\"section\">\n\t\t\t\t\t\t<div class=\"elementor-container elementor-column-gap-default\">\n\t\t\t\t\t<div class=\"elementor-column elementor-col-100 elementor-top-column elementor-element elementor-element-56b73d1\" data-id=\"56b73d1\" data-element_type=\"column\" data-e-type=\"column\">\n\t\t\t<div class=\"elementor-widget-wrap elementor-element-populated\">\n\t\t\t\t\t\t<div class=\"elementor-element elementor-element-7b73f67 elementor-invisible elementor-widget elementor-widget-button\" data-id=\"7b73f67\" data-element_type=\"widget\" data-e-type=\"widget\" data-settings=\"{&quot;_animation&quot;:&quot;pulse&quot;}\" data-widget_type=\"button.default\">\n\t\t\t\t<div class=\"elementor-widget-container\">\n\t\t\t\t\t\t\t\t\t<div class=\"elementor-button-wrapper\">\n\t\t\t\t\t<a class=\"elementor-button elementor-button-link elementor-size-sm\" href=\"http:\/\/lucenic.eu\/?page_id=804\">\n\t\t\t\t\t\t<span class=\"elementor-button-content-wrapper\">\n\t\t\t\t\t\t\t\t\t<span class=\"elementor-button-text\">Po\u017eiada\u0165 o cenov\u00fa ponuku<\/span>\n\t\t\t\t\t<\/span>\n\t\t\t\t\t<\/a>\n\t\t\t\t<\/div>\n\t\t\t\t\t\t\t\t<\/div>\n\t\t\t\t<\/div>\n\t\t\t\t<div class=\"elementor-element elementor-element-1b972d1 elementor-widget elementor-widget-spacer\" data-id=\"1b972d1\" data-element_type=\"widget\" data-e-type=\"widget\" data-widget_type=\"spacer.default\">\n\t\t\t\t<div class=\"elementor-widget-container\">\n\t\t\t\t\t\t\t<div class=\"elementor-spacer\">\n\t\t\t<div class=\"elementor-spacer-inner\"><\/div>\n\t\t<\/div>\n\t\t\t\t\t\t<\/div>\n\t\t\t\t<\/div>\n\t\t\t\t\t<\/div>\n\t\t<\/div>\n\t\t\t\t\t<\/div>\n\t\t<\/section>\n\t\t\t\t<\/div>\n\t\t","protected":false},"excerpt":{"rendered":"<p>PREN\u00c1JOM VOZIDLA S VODI\u010cOM \u010cak\u00e1 V\u00e1s n\u00e1ro\u010dn\u00fd de\u0148, kedy sa potrebujete r\u00fdchlo a\u00a0spo\u013eahlivo prepravova\u0165 z\u00a0miesta na miesto bez straty \u010dasu &hellip; <\/p>\n","protected":false},"author":1,"featured_media":0,"parent":0,"menu_order":0,"comment_status":"closed","ping_status":"closed","template":"elementor_header_footer","meta":{"_monsterinsights_skip_tracking":false,"_monsterinsights_sitenote_active":false,"_monsterinsights_sitenote_note":"","_monsterinsights_sitenote_category":0,"footnotes":""},"class_list":["post-785","page","type-page","status-publish","hentry"],"yoast_head":"<!-- This site is optimized with the Yoast SEO plugin v27.4 - https:\/\/yoast.com\/product\/yoast-seo-wordpress\/ -->\n<title>PREN\u00c1JOM VOZIDLA S VODI\u010cOM - LU\u010cENI\u010c s.r.o.<\/title>\n<meta name=\"description\" content=\"Potrebujete sa r\u00fdchlo a\u00a0spo\u013eahlivo prepravova\u0165 z\u00a0miesta na miesto bez straty \u010dasu parkovan\u00edm \u010di\u00a0\u010dakan\u00edm na tax\u00edky? Prenajmite si vozidlo spolu s\u00a0vodi\u010dom.\" \/>\n<meta name=\"robots\" content=\"index, follow, max-snippet:-1, max-image-preview:large, max-video-preview:-1\" \/>\n<link rel=\"canonical\" href=\"https:\/\/lucenic.eu\/?page_id=785\" \/>\n<meta property=\"og:locale\" content=\"sk_SK\" \/>\n<meta property=\"og:type\" content=\"article\" \/>\n<meta property=\"og:title\" content=\"PREN\u00c1JOM VOZIDLA S VODI\u010cOM - LU\u010cENI\u010c s.r.o.\" \/>\n<meta property=\"og:description\" content=\"Potrebujete sa r\u00fdchlo a\u00a0spo\u013eahlivo prepravova\u0165 z\u00a0miesta na miesto bez straty \u010dasu parkovan\u00edm \u010di\u00a0\u010dakan\u00edm na tax\u00edky? Prenajmite si vozidlo spolu s\u00a0vodi\u010dom.\" \/>\n<meta property=\"og:url\" content=\"https:\/\/lucenic.eu\/?page_id=785\" \/>\n<meta property=\"og:site_name\" content=\"LU\u010cENI\u010c s.r.o.\" \/>\n<meta property=\"article:publisher\" content=\"https:\/\/www.facebook.com\/lucenic.sro\" \/>\n<meta property=\"article:modified_time\" content=\"2022-02-04T08:26:26+00:00\" \/>\n<meta name=\"twitter:card\" content=\"summary_large_image\" \/>\n<meta name=\"twitter:label1\" content=\"Predpokladan\u00fd \u010das \u010d\u00edtania\" \/>\n\t<meta name=\"twitter:data1\" content=\"1 min\u00fata\" \/>\n<script type=\"application\/ld+json\" class=\"yoast-schema-graph\">{\"@context\":\"https:\\\/\\\/schema.org\",\"@graph\":[{\"@type\":\"WebPage\",\"@id\":\"https:\\\/\\\/lucenic.eu\\\/?page_id=785\",\"url\":\"https:\\\/\\\/lucenic.eu\\\/?page_id=785\",\"name\":\"PREN\u00c1JOM VOZIDLA S VODI\u010cOM - LU\u010cENI\u010c s.r.o.\",\"isPartOf\":{\"@id\":\"https:\\\/\\\/lucenic.eu\\\/#website\"},\"datePublished\":\"2021-06-05T13:35:49+00:00\",\"dateModified\":\"2022-02-04T08:26:26+00:00\",\"description\":\"Potrebujete sa r\u00fdchlo a\u00a0spo\u013eahlivo prepravova\u0165 z\u00a0miesta na miesto bez straty \u010dasu parkovan\u00edm \u010di\u00a0\u010dakan\u00edm na tax\u00edky? Prenajmite si vozidlo spolu s\u00a0vodi\u010dom.\",\"breadcrumb\":{\"@id\":\"https:\\\/\\\/lucenic.eu\\\/?page_id=785#breadcrumb\"},\"inLanguage\":\"sk-SK\",\"potentialAction\":[{\"@type\":\"ReadAction\",\"target\":[\"https:\\\/\\\/lucenic.eu\\\/?page_id=785\"]}]},{\"@type\":\"BreadcrumbList\",\"@id\":\"https:\\\/\\\/lucenic.eu\\\/?page_id=785#breadcrumb\",\"itemListElement\":[{\"@type\":\"ListItem\",\"position\":1,\"name\":\"Home\",\"item\":\"https:\\\/\\\/lucenic.eu\\\/\"},{\"@type\":\"ListItem\",\"position\":2,\"name\":\"PREN\u00c1JOM VOZIDLA S VODI\u010cOM\"}]},{\"@type\":\"WebSite\",\"@id\":\"https:\\\/\\\/lucenic.eu\\\/#website\",\"url\":\"https:\\\/\\\/lucenic.eu\\\/\",\"name\":\"LU\u010cENI\u010c s.r.o.\",\"description\":\"Pre pote\u0161enie z cesty\",\"publisher\":{\"@id\":\"https:\\\/\\\/lucenic.eu\\\/#organization\"},\"potentialAction\":[{\"@type\":\"SearchAction\",\"target\":{\"@type\":\"EntryPoint\",\"urlTemplate\":\"https:\\\/\\\/lucenic.eu\\\/?s={search_term_string}\"},\"query-input\":{\"@type\":\"PropertyValueSpecification\",\"valueRequired\":true,\"valueName\":\"search_term_string\"}}],\"inLanguage\":\"sk-SK\"},{\"@type\":\"Organization\",\"@id\":\"https:\\\/\\\/lucenic.eu\\\/#organization\",\"name\":\"LU\u010cENI\u010c s.r.o.\",\"url\":\"https:\\\/\\\/lucenic.eu\\\/\",\"logo\":{\"@type\":\"ImageObject\",\"inLanguage\":\"sk-SK\",\"@id\":\"https:\\\/\\\/lucenic.eu\\\/#\\\/schema\\\/logo\\\/image\\\/\",\"url\":\"https:\\\/\\\/lucenic.eu\\\/wp-content\\\/uploads\\\/2020\\\/04\\\/Pruhledny.png\",\"contentUrl\":\"https:\\\/\\\/lucenic.eu\\\/wp-content\\\/uploads\\\/2020\\\/04\\\/Pruhledny.png\",\"width\":1024,\"height\":389,\"caption\":\"LU\u010cENI\u010c s.r.o.\"},\"image\":{\"@id\":\"https:\\\/\\\/lucenic.eu\\\/#\\\/schema\\\/logo\\\/image\\\/\"},\"sameAs\":[\"https:\\\/\\\/www.facebook.com\\\/lucenic.sro\"]}]}<\/script>\n<!-- \/ Yoast SEO plugin. -->","yoast_head_json":{"title":"PREN\u00c1JOM VOZIDLA S VODI\u010cOM - LU\u010cENI\u010c s.r.o.","description":"Potrebujete sa r\u00fdchlo a\u00a0spo\u013eahlivo prepravova\u0165 z\u00a0miesta na miesto bez straty \u010dasu parkovan\u00edm \u010di\u00a0\u010dakan\u00edm na tax\u00edky? Prenajmite si vozidlo spolu s\u00a0vodi\u010dom.","robots":{"index":"index","follow":"follow","max-snippet":"max-snippet:-1","max-image-preview":"max-image-preview:large","max-video-preview":"max-video-preview:-1"},"canonical":"https:\/\/lucenic.eu\/?page_id=785","og_locale":"sk_SK","og_type":"article","og_title":"PREN\u00c1JOM VOZIDLA S VODI\u010cOM - LU\u010cENI\u010c s.r.o.","og_description":"Potrebujete sa r\u00fdchlo a\u00a0spo\u013eahlivo prepravova\u0165 z\u00a0miesta na miesto bez straty \u010dasu parkovan\u00edm \u010di\u00a0\u010dakan\u00edm na tax\u00edky? Prenajmite si vozidlo spolu s\u00a0vodi\u010dom.","og_url":"https:\/\/lucenic.eu\/?page_id=785","og_site_name":"LU\u010cENI\u010c s.r.o.","article_publisher":"https:\/\/www.facebook.com\/lucenic.sro","article_modified_time":"2022-02-04T08:26:26+00:00","twitter_card":"summary_large_image","twitter_misc":{"Predpokladan\u00fd \u010das \u010d\u00edtania":"1 min\u00fata"},"schema":{"@context":"https:\/\/schema.org","@graph":[{"@type":"WebPage","@id":"https:\/\/lucenic.eu\/?page_id=785","url":"https:\/\/lucenic.eu\/?page_id=785","name":"PREN\u00c1JOM VOZIDLA S VODI\u010cOM - LU\u010cENI\u010c s.r.o.","isPartOf":{"@id":"https:\/\/lucenic.eu\/#website"},"datePublished":"2021-06-05T13:35:49+00:00","dateModified":"2022-02-04T08:26:26+00:00","description":"Potrebujete sa r\u00fdchlo a\u00a0spo\u013eahlivo prepravova\u0165 z\u00a0miesta na miesto bez straty \u010dasu parkovan\u00edm \u010di\u00a0\u010dakan\u00edm na tax\u00edky? Prenajmite si vozidlo spolu s\u00a0vodi\u010dom.","breadcrumb":{"@id":"https:\/\/lucenic.eu\/?page_id=785#breadcrumb"},"inLanguage":"sk-SK","potentialAction":[{"@type":"ReadAction","target":["https:\/\/lucenic.eu\/?page_id=785"]}]},{"@type":"BreadcrumbList","@id":"https:\/\/lucenic.eu\/?page_id=785#breadcrumb","itemListElement":[{"@type":"ListItem","position":1,"name":"Home","item":"https:\/\/lucenic.eu\/"},{"@type":"ListItem","position":2,"name":"PREN\u00c1JOM VOZIDLA S VODI\u010cOM"}]},{"@type":"WebSite","@id":"https:\/\/lucenic.eu\/#website","url":"https:\/\/lucenic.eu\/","name":"LU\u010cENI\u010c s.r.o.","description":"Pre pote\u0161enie z cesty","publisher":{"@id":"https:\/\/lucenic.eu\/#organization"},"potentialAction":[{"@type":"SearchAction","target":{"@type":"EntryPoint","urlTemplate":"https:\/\/lucenic.eu\/?s={search_term_string}"},"query-input":{"@type":"PropertyValueSpecification","valueRequired":true,"valueName":"search_term_string"}}],"inLanguage":"sk-SK"},{"@type":"Organization","@id":"https:\/\/lucenic.eu\/#organization","name":"LU\u010cENI\u010c s.r.o.","url":"https:\/\/lucenic.eu\/","logo":{"@type":"ImageObject","inLanguage":"sk-SK","@id":"https:\/\/lucenic.eu\/#\/schema\/logo\/image\/","url":"https:\/\/lucenic.eu\/wp-content\/uploads\/2020\/04\/Pruhledny.png","contentUrl":"https:\/\/lucenic.eu\/wp-content\/uploads\/2020\/04\/Pruhledny.png","width":1024,"height":389,"caption":"LU\u010cENI\u010c s.r.o."},"image":{"@id":"https:\/\/lucenic.eu\/#\/schema\/logo\/image\/"},"sameAs":["https:\/\/www.facebook.com\/lucenic.sro"]}]}},"_links":{"self":[{"href":"https:\/\/lucenic.eu\/index.php?rest_route=\/wp\/v2\/pages\/785","targetHints":{"allow":["GET"]}}],"collection":[{"href":"https:\/\/lucenic.eu\/index.php?rest_route=\/wp\/v2\/pages"}],"about":[{"href":"https:\/\/lucenic.eu\/index.php?rest_route=\/wp\/v2\/types\/page"}],"author":[{"embeddable":true,"href":"https:\/\/lucenic.eu\/index.php?rest_route=\/wp\/v2\/users\/1"}],"replies":[{"embeddable":true,"href":"https:\/\/lucenic.eu\/index.php?rest_route=%2Fwp%2Fv2%2Fcomments&post=785"}],"version-history":[{"count":6,"href":"https:\/\/lucenic.eu\/index.php?rest_route=\/wp\/v2\/pages\/785\/revisions"}],"predecessor-version":[{"id":1652,"href":"https:\/\/lucenic.eu\/index.php?rest_route=\/wp\/v2\/pages\/785\/revisions\/1652"}],"wp:attachment":[{"href":"https:\/\/lucenic.eu\/index.php?rest_route=%2Fwp%2Fv2%2Fmedia&parent=785"}],"curies":[{"name":"wp","href":"https:\/\/api.w.org\/{rel}","templated":true}]}}