{"id":789,"date":"2021-06-05T15:37:29","date_gmt":"2021-06-05T13:37:29","guid":{"rendered":"http:\/\/lucenic.eu\/?page_id=789"},"modified":"2023-12-03T01:44:55","modified_gmt":"2023-12-03T00:44:55","slug":"rozvozy-podujati","status":"publish","type":"page","link":"https:\/\/lucenic.eu\/?page_id=789","title":{"rendered":"ROZVOZY PODUJAT\u00cd"},"content":{"rendered":"\t\t<div data-elementor-type=\"wp-page\" data-elementor-id=\"789\" class=\"elementor elementor-789\">\n\t\t\t\t\t\t<section class=\"elementor-section elementor-top-section elementor-element elementor-element-8bb4983 elementor-section-boxed elementor-section-height-default elementor-section-height-default\" data-id=\"8bb4983\" data-element_type=\"section\" data-e-type=\"section\">\n\t\t\t\t\t\t<div class=\"elementor-container elementor-column-gap-default\">\n\t\t\t\t\t<div class=\"elementor-column elementor-col-100 elementor-top-column elementor-element elementor-element-0bc448e\" data-id=\"0bc448e\" data-element_type=\"column\" data-e-type=\"column\">\n\t\t\t<div class=\"elementor-widget-wrap elementor-element-populated\">\n\t\t\t\t\t\t<div class=\"elementor-element elementor-element-badce67 elementor-widget elementor-widget-text-editor\" data-id=\"badce67\" data-element_type=\"widget\" data-e-type=\"widget\" data-widget_type=\"text-editor.default\">\n\t\t\t\t<div class=\"elementor-widget-container\">\n\t\t\t\t\t\t\t\t\t<center> Pl\u00e1nujete rodinn\u00fa oslavu \u010di firemn\u00fa akciu? <br> <strong> Zabezpe\u010denie rozvozu host\u00ed nechajte na n\u00e1s.\t\t\t\t\t\t\t\t<\/div>\n\t\t\t\t<\/div>\n\t\t\t\t\t<\/div>\n\t\t<\/div>\n\t\t\t\t\t<\/div>\n\t\t<\/section>\n\t\t\t\t<section class=\"elementor-section elementor-top-section elementor-element elementor-element-24245fe elementor-section-boxed elementor-section-height-default elementor-section-height-default\" data-id=\"24245fe\" data-element_type=\"section\" data-e-type=\"section\">\n\t\t\t\t\t\t<div class=\"elementor-container elementor-column-gap-default\">\n\t\t\t\t\t<div class=\"elementor-column elementor-col-100 elementor-top-column elementor-element elementor-element-ef7deba\" data-id=\"ef7deba\" data-element_type=\"column\" data-e-type=\"column\">\n\t\t\t<div class=\"elementor-widget-wrap elementor-element-populated\">\n\t\t\t\t\t\t<div class=\"elementor-element elementor-element-75d2c87 elementor-invisible elementor-widget elementor-widget-button\" data-id=\"75d2c87\" data-element_type=\"widget\" data-e-type=\"widget\" data-settings=\"{&quot;_animation&quot;:&quot;pulse&quot;}\" data-widget_type=\"button.default\">\n\t\t\t\t<div class=\"elementor-widget-container\">\n\t\t\t\t\t\t\t\t\t<div class=\"elementor-button-wrapper\">\n\t\t\t\t\t<a class=\"elementor-button elementor-button-link elementor-size-sm\" href=\"http:\/\/lucenic.eu\/?page_id=804\">\n\t\t\t\t\t\t<span class=\"elementor-button-content-wrapper\">\n\t\t\t\t\t\t\t\t\t<span class=\"elementor-button-text\">Po\u017eiada\u0165 o cenov\u00fa ponuku<\/span>\n\t\t\t\t\t<\/span>\n\t\t\t\t\t<\/a>\n\t\t\t\t<\/div>\n\t\t\t\t\t\t\t\t<\/div>\n\t\t\t\t<\/div>\n\t\t\t\t\t<\/div>\n\t\t<\/div>\n\t\t\t\t\t<\/div>\n\t\t<\/section>\n\t\t\t\t<section class=\"elementor-section elementor-top-section elementor-element elementor-element-4d51bec elementor-section-boxed elementor-section-height-default elementor-section-height-default\" data-id=\"4d51bec\" data-element_type=\"section\" data-e-type=\"section\">\n\t\t\t\t\t\t<div class=\"elementor-container elementor-column-gap-default\">\n\t\t\t\t\t<div class=\"elementor-column elementor-col-100 elementor-top-column elementor-element elementor-element-80b8991\" data-id=\"80b8991\" data-element_type=\"column\" data-e-type=\"column\">\n\t\t\t<div class=\"elementor-widget-wrap elementor-element-populated\">\n\t\t\t\t\t\t<div class=\"elementor-element elementor-element-d6579e3 elementor-widget elementor-widget-spacer\" data-id=\"d6579e3\" data-element_type=\"widget\" data-e-type=\"widget\" data-widget_type=\"spacer.default\">\n\t\t\t\t<div class=\"elementor-widget-container\">\n\t\t\t\t\t\t\t<div class=\"elementor-spacer\">\n\t\t\t<div class=\"elementor-spacer-inner\"><\/div>\n\t\t<\/div>\n\t\t\t\t\t\t<\/div>\n\t\t\t\t<\/div>\n\t\t\t\t\t<\/div>\n\t\t<\/div>\n\t\t\t\t\t<\/div>\n\t\t<\/section>\n\t\t\t\t<section class=\"elementor-section elementor-top-section elementor-element elementor-element-a79cb3c elementor-section-full_width elementor-section-stretched elementor-section-height-default elementor-section-height-default\" data-id=\"a79cb3c\" data-element_type=\"section\" data-e-type=\"section\" data-settings=\"{&quot;stretch_section&quot;:&quot;section-stretched&quot;,&quot;background_background&quot;:&quot;classic&quot;}\">\n\t\t\t\t\t\t<div class=\"elementor-container elementor-column-gap-default\">\n\t\t\t\t\t<div class=\"elementor-column elementor-col-33 elementor-top-column elementor-element elementor-element-99f2bc7\" data-id=\"99f2bc7\" data-element_type=\"column\" data-e-type=\"column\">\n\t\t\t<div class=\"elementor-widget-wrap elementor-element-populated\">\n\t\t\t\t\t\t<div class=\"elementor-element elementor-element-b0b7731 elementor-widget elementor-widget-image\" data-id=\"b0b7731\" data-element_type=\"widget\" data-e-type=\"widget\" data-widget_type=\"image.default\">\n\t\t\t\t<div class=\"elementor-widget-container\">\n\t\t\t\t\t\t\t\t\t\t\t\t\t\t\t<img fetchpriority=\"high\" decoding=\"async\" width=\"768\" height=\"292\" src=\"https:\/\/lucenic.eu\/wp-content\/uploads\/2021\/06\/logo-biele-768x292.png\" class=\"attachment-medium_large size-medium_large wp-image-759\" alt=\"\" srcset=\"https:\/\/lucenic.eu\/wp-content\/uploads\/2021\/06\/logo-biele-768x292.png 768w, https:\/\/lucenic.eu\/wp-content\/uploads\/2021\/06\/logo-biele-300x114.png 300w, https:\/\/lucenic.eu\/wp-content\/uploads\/2021\/06\/logo-biele-600x228.png 600w, https:\/\/lucenic.eu\/wp-content\/uploads\/2021\/06\/logo-biele.png 1024w\" sizes=\"(max-width: 768px) 100vw, 768px\" \/>\t\t\t\t\t\t\t\t\t\t\t\t\t\t\t<\/div>\n\t\t\t\t<\/div>\n\t\t\t\t\t<\/div>\n\t\t<\/div>\n\t\t\t\t<div class=\"elementor-column elementor-col-33 elementor-top-column elementor-element elementor-element-5e6c94e\" data-id=\"5e6c94e\" data-element_type=\"column\" data-e-type=\"column\">\n\t\t\t<div class=\"elementor-widget-wrap elementor-element-populated\">\n\t\t\t\t\t\t<div class=\"elementor-element elementor-element-04d41ef elementor-widget elementor-widget-button\" data-id=\"04d41ef\" data-element_type=\"widget\" data-e-type=\"widget\" data-widget_type=\"button.default\">\n\t\t\t\t<div class=\"elementor-widget-container\">\n\t\t\t\t\t\t\t\t\t<div class=\"elementor-button-wrapper\">\n\t\t\t\t\t<a class=\"elementor-button elementor-button-link elementor-size-sm\" href=\"http:\/\/lucenic.eu\/wp-content\/uploads\/2023\/12\/2-VSEOBECNE-OBCHODNO-PREPRAVNE-PODMIENKY-A-ZASADY-OCHRANY-OSOBNYCH-UDAJOV-od-1.6.2023.pdf\">\n\t\t\t\t\t\t<span class=\"elementor-button-content-wrapper\">\n\t\t\t\t\t\t\t\t\t<span class=\"elementor-button-text\">V\u0160EOBECN\u00c9 OBCHODNO-PREPRAVN\u00c9 PODMIENKY A Z\u00c1SADY OCHRANY OSOBN\u00ddCH \u00daDAJOV<\/span>\n\t\t\t\t\t<\/span>\n\t\t\t\t\t<\/a>\n\t\t\t\t<\/div>\n\t\t\t\t\t\t\t\t<\/div>\n\t\t\t\t<\/div>\n\t\t\t\t\t<\/div>\n\t\t<\/div>\n\t\t\t\t<div class=\"elementor-column elementor-col-33 elementor-top-column elementor-element elementor-element-a771b26\" data-id=\"a771b26\" data-element_type=\"column\" data-e-type=\"column\">\n\t\t\t<div class=\"elementor-widget-wrap elementor-element-populated\">\n\t\t\t\t\t\t<div class=\"elementor-element elementor-element-337bab2 elementor-widget elementor-widget-text-editor\" data-id=\"337bab2\" data-element_type=\"widget\" data-e-type=\"widget\" data-widget_type=\"text-editor.default\">\n\t\t\t\t<div class=\"elementor-widget-container\">\n\t\t\t\t\t\t\t\t\t<strong> LU\u010cENI\u010c s.r.o. <\/strong>\n<br>\ns\u00eddlo: Zlatohorsk\u00e1 6, 841 03 Bratislava <br>\nI\u010cO: 53 759 699 <br>\nDI\u010c: 2121483848 <br>\nI\u010c DPH: SK2121483848 <br>\nemail: lucenic@lucenic.eu <br>\ntel.\u010d.: +421 910 826 682\t\t\t\t\t\t\t\t<\/div>\n\t\t\t\t<\/div>\n\t\t\t\t\t<\/div>\n\t\t<\/div>\n\t\t\t\t\t<\/div>\n\t\t<\/section>\n\t\t\t\t<\/div>\n\t\t","protected":false},"excerpt":{"rendered":"<p>Pl\u00e1nujete rodinn\u00fa oslavu \u010di firemn\u00fa akciu? Zabezpe\u010denie rozvozu host\u00ed nechajte na n\u00e1s. Po\u017eiada\u0165 o cenov\u00fa ponuku V\u0160EOBECN\u00c9 OBCHODNO-PREPRAVN\u00c9 PODMIENKY A &hellip; <\/p>\n","protected":false},"author":1,"featured_media":0,"parent":0,"menu_order":0,"comment_status":"closed","ping_status":"closed","template":"elementor_header_footer","meta":{"_monsterinsights_skip_tracking":false,"_monsterinsights_sitenote_active":false,"_monsterinsights_sitenote_note":"","_monsterinsights_sitenote_category":0,"footnotes":""},"class_list":["post-789","page","type-page","status-publish","hentry"],"yoast_head":"<!-- This site is optimized with the Yoast SEO plugin v27.4 - https:\/\/yoast.com\/product\/yoast-seo-wordpress\/ -->\n<title>ROZVOZY PODUJAT\u00cd - LU\u010cENI\u010c s.r.o.<\/title>\n<meta name=\"description\" content=\"Pl\u00e1nujete rodinn\u00fa oslavu \u010di firemn\u00fa akciu? Zabezpe\u010denie rozvozu host\u00ed nechajte na n\u00e1s.\" \/>\n<meta name=\"robots\" content=\"index, follow, max-snippet:-1, max-image-preview:large, max-video-preview:-1\" \/>\n<link rel=\"canonical\" href=\"https:\/\/lucenic.eu\/?page_id=789\" \/>\n<meta property=\"og:locale\" content=\"sk_SK\" \/>\n<meta property=\"og:type\" content=\"article\" \/>\n<meta property=\"og:title\" content=\"ROZVOZY PODUJAT\u00cd - LU\u010cENI\u010c s.r.o.\" \/>\n<meta property=\"og:description\" content=\"Pl\u00e1nujete rodinn\u00fa oslavu \u010di firemn\u00fa akciu? Zabezpe\u010denie rozvozu host\u00ed nechajte na n\u00e1s.\" \/>\n<meta property=\"og:url\" content=\"https:\/\/lucenic.eu\/?page_id=789\" \/>\n<meta property=\"og:site_name\" content=\"LU\u010cENI\u010c s.r.o.\" \/>\n<meta property=\"article:publisher\" content=\"https:\/\/www.facebook.com\/lucenic.sro\" \/>\n<meta property=\"article:modified_time\" content=\"2023-12-03T00:44:55+00:00\" \/>\n<meta property=\"og:image\" content=\"http:\/\/lucenic.eu\/wp-content\/uploads\/2021\/06\/logo-biele-768x292.png\" \/>\n<meta name=\"twitter:card\" content=\"summary_large_image\" \/>\n<meta name=\"twitter:label1\" content=\"Predpokladan\u00fd \u010das \u010d\u00edtania\" \/>\n\t<meta name=\"twitter:data1\" content=\"1 min\u00fata\" \/>\n<script type=\"application\/ld+json\" class=\"yoast-schema-graph\">{\"@context\":\"https:\\\/\\\/schema.org\",\"@graph\":[{\"@type\":\"WebPage\",\"@id\":\"https:\\\/\\\/lucenic.eu\\\/?page_id=789\",\"url\":\"https:\\\/\\\/lucenic.eu\\\/?page_id=789\",\"name\":\"ROZVOZY PODUJAT\u00cd - LU\u010cENI\u010c s.r.o.\",\"isPartOf\":{\"@id\":\"https:\\\/\\\/lucenic.eu\\\/#website\"},\"primaryImageOfPage\":{\"@id\":\"https:\\\/\\\/lucenic.eu\\\/?page_id=789#primaryimage\"},\"image\":{\"@id\":\"https:\\\/\\\/lucenic.eu\\\/?page_id=789#primaryimage\"},\"thumbnailUrl\":\"http:\\\/\\\/lucenic.eu\\\/wp-content\\\/uploads\\\/2021\\\/06\\\/logo-biele-768x292.png\",\"datePublished\":\"2021-06-05T13:37:29+00:00\",\"dateModified\":\"2023-12-03T00:44:55+00:00\",\"description\":\"Pl\u00e1nujete rodinn\u00fa oslavu \u010di firemn\u00fa akciu? Zabezpe\u010denie rozvozu host\u00ed nechajte na n\u00e1s.\",\"breadcrumb\":{\"@id\":\"https:\\\/\\\/lucenic.eu\\\/?page_id=789#breadcrumb\"},\"inLanguage\":\"sk-SK\",\"potentialAction\":[{\"@type\":\"ReadAction\",\"target\":[\"https:\\\/\\\/lucenic.eu\\\/?page_id=789\"]}]},{\"@type\":\"ImageObject\",\"inLanguage\":\"sk-SK\",\"@id\":\"https:\\\/\\\/lucenic.eu\\\/?page_id=789#primaryimage\",\"url\":\"https:\\\/\\\/lucenic.eu\\\/wp-content\\\/uploads\\\/2021\\\/06\\\/logo-biele.png\",\"contentUrl\":\"https:\\\/\\\/lucenic.eu\\\/wp-content\\\/uploads\\\/2021\\\/06\\\/logo-biele.png\",\"width\":1024,\"height\":389},{\"@type\":\"BreadcrumbList\",\"@id\":\"https:\\\/\\\/lucenic.eu\\\/?page_id=789#breadcrumb\",\"itemListElement\":[{\"@type\":\"ListItem\",\"position\":1,\"name\":\"Home\",\"item\":\"https:\\\/\\\/lucenic.eu\\\/\"},{\"@type\":\"ListItem\",\"position\":2,\"name\":\"ROZVOZY PODUJAT\u00cd\"}]},{\"@type\":\"WebSite\",\"@id\":\"https:\\\/\\\/lucenic.eu\\\/#website\",\"url\":\"https:\\\/\\\/lucenic.eu\\\/\",\"name\":\"LU\u010cENI\u010c s.r.o.\",\"description\":\"Pre pote\u0161enie z cesty\",\"publisher\":{\"@id\":\"https:\\\/\\\/lucenic.eu\\\/#organization\"},\"potentialAction\":[{\"@type\":\"SearchAction\",\"target\":{\"@type\":\"EntryPoint\",\"urlTemplate\":\"https:\\\/\\\/lucenic.eu\\\/?s={search_term_string}\"},\"query-input\":{\"@type\":\"PropertyValueSpecification\",\"valueRequired\":true,\"valueName\":\"search_term_string\"}}],\"inLanguage\":\"sk-SK\"},{\"@type\":\"Organization\",\"@id\":\"https:\\\/\\\/lucenic.eu\\\/#organization\",\"name\":\"LU\u010cENI\u010c s.r.o.\",\"url\":\"https:\\\/\\\/lucenic.eu\\\/\",\"logo\":{\"@type\":\"ImageObject\",\"inLanguage\":\"sk-SK\",\"@id\":\"https:\\\/\\\/lucenic.eu\\\/#\\\/schema\\\/logo\\\/image\\\/\",\"url\":\"https:\\\/\\\/lucenic.eu\\\/wp-content\\\/uploads\\\/2020\\\/04\\\/Pruhledny.png\",\"contentUrl\":\"https:\\\/\\\/lucenic.eu\\\/wp-content\\\/uploads\\\/2020\\\/04\\\/Pruhledny.png\",\"width\":1024,\"height\":389,\"caption\":\"LU\u010cENI\u010c s.r.o.\"},\"image\":{\"@id\":\"https:\\\/\\\/lucenic.eu\\\/#\\\/schema\\\/logo\\\/image\\\/\"},\"sameAs\":[\"https:\\\/\\\/www.facebook.com\\\/lucenic.sro\"]}]}<\/script>\n<!-- \/ Yoast SEO plugin. -->","yoast_head_json":{"title":"ROZVOZY PODUJAT\u00cd - LU\u010cENI\u010c s.r.o.","description":"Pl\u00e1nujete rodinn\u00fa oslavu \u010di firemn\u00fa akciu? Zabezpe\u010denie rozvozu host\u00ed nechajte na n\u00e1s.","robots":{"index":"index","follow":"follow","max-snippet":"max-snippet:-1","max-image-preview":"max-image-preview:large","max-video-preview":"max-video-preview:-1"},"canonical":"https:\/\/lucenic.eu\/?page_id=789","og_locale":"sk_SK","og_type":"article","og_title":"ROZVOZY PODUJAT\u00cd - LU\u010cENI\u010c s.r.o.","og_description":"Pl\u00e1nujete rodinn\u00fa oslavu \u010di firemn\u00fa akciu? Zabezpe\u010denie rozvozu host\u00ed nechajte na n\u00e1s.","og_url":"https:\/\/lucenic.eu\/?page_id=789","og_site_name":"LU\u010cENI\u010c s.r.o.","article_publisher":"https:\/\/www.facebook.com\/lucenic.sro","article_modified_time":"2023-12-03T00:44:55+00:00","og_image":[{"url":"http:\/\/lucenic.eu\/wp-content\/uploads\/2021\/06\/logo-biele-768x292.png","type":"","width":"","height":""}],"twitter_card":"summary_large_image","twitter_misc":{"Predpokladan\u00fd \u010das \u010d\u00edtania":"1 min\u00fata"},"schema":{"@context":"https:\/\/schema.org","@graph":[{"@type":"WebPage","@id":"https:\/\/lucenic.eu\/?page_id=789","url":"https:\/\/lucenic.eu\/?page_id=789","name":"ROZVOZY PODUJAT\u00cd - LU\u010cENI\u010c s.r.o.","isPartOf":{"@id":"https:\/\/lucenic.eu\/#website"},"primaryImageOfPage":{"@id":"https:\/\/lucenic.eu\/?page_id=789#primaryimage"},"image":{"@id":"https:\/\/lucenic.eu\/?page_id=789#primaryimage"},"thumbnailUrl":"http:\/\/lucenic.eu\/wp-content\/uploads\/2021\/06\/logo-biele-768x292.png","datePublished":"2021-06-05T13:37:29+00:00","dateModified":"2023-12-03T00:44:55+00:00","description":"Pl\u00e1nujete rodinn\u00fa oslavu \u010di firemn\u00fa akciu? Zabezpe\u010denie rozvozu host\u00ed nechajte na n\u00e1s.","breadcrumb":{"@id":"https:\/\/lucenic.eu\/?page_id=789#breadcrumb"},"inLanguage":"sk-SK","potentialAction":[{"@type":"ReadAction","target":["https:\/\/lucenic.eu\/?page_id=789"]}]},{"@type":"ImageObject","inLanguage":"sk-SK","@id":"https:\/\/lucenic.eu\/?page_id=789#primaryimage","url":"https:\/\/lucenic.eu\/wp-content\/uploads\/2021\/06\/logo-biele.png","contentUrl":"https:\/\/lucenic.eu\/wp-content\/uploads\/2021\/06\/logo-biele.png","width":1024,"height":389},{"@type":"BreadcrumbList","@id":"https:\/\/lucenic.eu\/?page_id=789#breadcrumb","itemListElement":[{"@type":"ListItem","position":1,"name":"Home","item":"https:\/\/lucenic.eu\/"},{"@type":"ListItem","position":2,"name":"ROZVOZY PODUJAT\u00cd"}]},{"@type":"WebSite","@id":"https:\/\/lucenic.eu\/#website","url":"https:\/\/lucenic.eu\/","name":"LU\u010cENI\u010c s.r.o.","description":"Pre pote\u0161enie z cesty","publisher":{"@id":"https:\/\/lucenic.eu\/#organization"},"potentialAction":[{"@type":"SearchAction","target":{"@type":"EntryPoint","urlTemplate":"https:\/\/lucenic.eu\/?s={search_term_string}"},"query-input":{"@type":"PropertyValueSpecification","valueRequired":true,"valueName":"search_term_string"}}],"inLanguage":"sk-SK"},{"@type":"Organization","@id":"https:\/\/lucenic.eu\/#organization","name":"LU\u010cENI\u010c s.r.o.","url":"https:\/\/lucenic.eu\/","logo":{"@type":"ImageObject","inLanguage":"sk-SK","@id":"https:\/\/lucenic.eu\/#\/schema\/logo\/image\/","url":"https:\/\/lucenic.eu\/wp-content\/uploads\/2020\/04\/Pruhledny.png","contentUrl":"https:\/\/lucenic.eu\/wp-content\/uploads\/2020\/04\/Pruhledny.png","width":1024,"height":389,"caption":"LU\u010cENI\u010c s.r.o."},"image":{"@id":"https:\/\/lucenic.eu\/#\/schema\/logo\/image\/"},"sameAs":["https:\/\/www.facebook.com\/lucenic.sro"]}]}},"_links":{"self":[{"href":"https:\/\/lucenic.eu\/index.php?rest_route=\/wp\/v2\/pages\/789","targetHints":{"allow":["GET"]}}],"collection":[{"href":"https:\/\/lucenic.eu\/index.php?rest_route=\/wp\/v2\/pages"}],"about":[{"href":"https:\/\/lucenic.eu\/index.php?rest_route=\/wp\/v2\/types\/page"}],"author":[{"embeddable":true,"href":"https:\/\/lucenic.eu\/index.php?rest_route=\/wp\/v2\/users\/1"}],"replies":[{"embeddable":true,"href":"https:\/\/lucenic.eu\/index.php?rest_route=%2Fwp%2Fv2%2Fcomments&post=789"}],"version-history":[{"count":6,"href":"https:\/\/lucenic.eu\/index.php?rest_route=\/wp\/v2\/pages\/789\/revisions"}],"predecessor-version":[{"id":2672,"href":"https:\/\/lucenic.eu\/index.php?rest_route=\/wp\/v2\/pages\/789\/revisions\/2672"}],"wp:attachment":[{"href":"https:\/\/lucenic.eu\/index.php?rest_route=%2Fwp%2Fv2%2Fmedia&parent=789"}],"curies":[{"name":"wp","href":"https:\/\/api.w.org\/{rel}","templated":true}]}}