{"id":791,"date":"2021-06-05T15:38:28","date_gmt":"2021-06-05T13:38:28","guid":{"rendered":"http:\/\/lucenic.eu\/?page_id=791"},"modified":"2023-12-03T01:49:19","modified_gmt":"2023-12-03T00:49:19","slug":"casovane-objednavky","status":"publish","type":"page","link":"https:\/\/lucenic.eu\/?page_id=791","title":{"rendered":"OBJEDN\u00c1VKY NA PRESN\u00dd \u010cAS"},"content":{"rendered":"\t\t<div data-elementor-type=\"wp-page\" data-elementor-id=\"791\" class=\"elementor elementor-791\">\n\t\t\t\t\t\t<section class=\"elementor-section elementor-top-section elementor-element elementor-element-1e5baef elementor-section-full_width elementor-section-height-default elementor-section-height-default\" data-id=\"1e5baef\" data-element_type=\"section\" data-e-type=\"section\" data-settings=\"{&quot;background_background&quot;:&quot;classic&quot;}\">\n\t\t\t\t\t\t<div class=\"elementor-container elementor-column-gap-default\">\n\t\t\t\t\t<div class=\"elementor-column elementor-col-50 elementor-top-column elementor-element elementor-element-9215d6f\" data-id=\"9215d6f\" data-element_type=\"column\" data-e-type=\"column\" data-settings=\"{&quot;background_background&quot;:&quot;classic&quot;}\">\n\t\t\t<div class=\"elementor-widget-wrap elementor-element-populated\">\n\t\t\t\t\t\t<div class=\"elementor-element elementor-element-e34a913 elementor-widget elementor-widget-text-editor\" data-id=\"e34a913\" data-element_type=\"widget\" data-e-type=\"widget\" data-widget_type=\"text-editor.default\">\n\t\t\t\t<div class=\"elementor-widget-container\">\n\t\t\t\t\t\t\t\t\t<h3 style=\"text-align: left;\"><strong>AKO OBJEDNA\u0164?<\/strong><\/h3>\t\t\t\t\t\t\t\t<\/div>\n\t\t\t\t<\/div>\n\t\t\t\t<div class=\"elementor-element elementor-element-6b7edf8 elementor-widget elementor-widget-text-editor\" data-id=\"6b7edf8\" data-element_type=\"widget\" data-e-type=\"widget\" data-widget_type=\"text-editor.default\">\n\t\t\t\t<div class=\"elementor-widget-container\">\n\t\t\t\t\t\t\t\t\t<ul><li><strong>TELEFONICKY<\/strong> +421 910 826 682<\/li><li><strong>SMS<\/strong> +421 910 826 682<\/li><li><strong>WHATSAPP<\/strong> +421 910 826 682<\/li><li><strong>EMAIL<\/strong> lucenic@lucenic.eu<\/li><\/ul>\t\t\t\t\t\t\t\t<\/div>\n\t\t\t\t<\/div>\n\t\t\t\t<div class=\"elementor-element elementor-element-bac081a elementor-widget elementor-widget-text-editor\" data-id=\"bac081a\" data-element_type=\"widget\" data-e-type=\"widget\" data-widget_type=\"text-editor.default\">\n\t\t\t\t<div class=\"elementor-widget-container\">\n\t\t\t\t\t\t\t\t\t<p><strong>Telefonick\u00e9 objedn\u00e1vky prij\u00edmame denne <\/strong><strong>od 08:00 do 20:00.<\/strong><br \/><br \/>Odoslanie objedn\u00e1vky cez SMS, WhatsApp alebo Email neznamen\u00e1 jej automatick\u00e9 prijatie.<br \/><strong>Je potrebn\u00e9 po\u010dka\u0165 na potvrdenie objedn\u00e1vky.<\/strong><br \/>Spr\u00e1vy zaslan\u00e9 od 20:00 do 08:00 m\u00f4\u017eu by\u0165 zodpovedan\u00e9 s oneskoren\u00edm.<\/p>\t\t\t\t\t\t\t\t<\/div>\n\t\t\t\t<\/div>\n\t\t\t\t\t<\/div>\n\t\t<\/div>\n\t\t\t\t<div class=\"elementor-column elementor-col-50 elementor-top-column elementor-element elementor-element-c7010af\" data-id=\"c7010af\" data-element_type=\"column\" data-e-type=\"column\" data-settings=\"{&quot;background_background&quot;:&quot;classic&quot;}\">\n\t\t\t<div class=\"elementor-widget-wrap elementor-element-populated\">\n\t\t\t\t\t\t<div class=\"elementor-element elementor-element-cf3369a elementor-widget elementor-widget-text-editor\" data-id=\"cf3369a\" data-element_type=\"widget\" data-e-type=\"widget\" data-widget_type=\"text-editor.default\">\n\t\t\t\t<div class=\"elementor-widget-container\">\n\t\t\t\t\t\t\t\t\t<h3><strong>\u010cO SLU\u017dBA ZAH\u0154\u0147A?<\/strong><\/h3>\t\t\t\t\t\t\t\t<\/div>\n\t\t\t\t<\/div>\n\t\t\t\t<div class=\"elementor-element elementor-element-d48a9dc elementor-widget elementor-widget-text-editor\" data-id=\"d48a9dc\" data-element_type=\"widget\" data-e-type=\"widget\" data-widget_type=\"text-editor.default\">\n\t\t\t\t<div class=\"elementor-widget-container\">\n\t\t\t\t\t\t\t\t\t<ul><li>VOZIDLO PRISTAVEN\u00c9<strong> VO VAMI PO\u017dADOVANOM DNI A \u010cASE<\/strong><\/li><li>NA PRIJAT\u00da OBJEDN\u00c1VKU SA <strong>M\u00d4\u017dETE SPO\u013dAHN\u00da\u0164<\/strong><\/li><li>VOPRED <strong>DOHODNUT\u00c1 CENA<\/strong> PREPRAVY<\/li><li><strong>SMS NOTIFIK\u00c1CIA<\/strong> O PRISTAVEN\u00cd VOZIDLA<\/li><li><strong>\u017dIADNE PR\u00cdPLATKY<\/strong> ZA OBJEDNANIE\u00a0 NA PRESN\u00dd \u010cAS<\/li><li><strong>\u010cAKANIE 5 MIN.<\/strong> V R\u00c1MCI OBJEDN\u00c1VKY <strong>ZDARMA<\/strong><\/li><li>PLATBA <strong>V HOTOVOSTI<\/strong> ALEBO BEZKONTAKTNOU <strong>PLATOBNOU KARTOU<\/strong><\/li><li><strong>\u010cIST\u00dd<\/strong> A PRAVIDELNE <strong>DEZINFIKOVAN\u00dd<\/strong> <strong>INTERI\u00c9R<\/strong> VOZIDLA<\/li><li><strong>DEZINFEKCIA NA RUKY<\/strong> VO VOZIDLE<\/li><li>NAD\u0160TANDARDN\u00dd <strong>BATO\u017dINOV\u00dd PRIESTOR<\/strong><\/li><li><strong>NEFAJ\u010cIARSKE<\/strong> VOZIDL\u00c1<\/li><li>DISPONUJEME VOZIDLAMI PRE <strong>MAX. 6 PASA\u017dIEROV<\/strong><\/li><\/ul>\t\t\t\t\t\t\t\t<\/div>\n\t\t\t\t<\/div>\n\t\t\t\t\t<\/div>\n\t\t<\/div>\n\t\t\t\t\t<\/div>\n\t\t<\/section>\n\t\t\t\t<section class=\"elementor-section elementor-top-section elementor-element elementor-element-1225521 elementor-section-full_width elementor-section-height-default elementor-section-height-default\" data-id=\"1225521\" data-element_type=\"section\" data-e-type=\"section\">\n\t\t\t\t\t\t<div class=\"elementor-container elementor-column-gap-default\">\n\t\t\t\t\t<div class=\"elementor-column elementor-col-50 elementor-top-column elementor-element elementor-element-75f61d8\" data-id=\"75f61d8\" data-element_type=\"column\" data-e-type=\"column\" data-settings=\"{&quot;background_background&quot;:&quot;classic&quot;}\">\n\t\t\t<div class=\"elementor-widget-wrap elementor-element-populated\">\n\t\t\t\t\t\t<div class=\"elementor-element elementor-element-677ec81 elementor-widget elementor-widget-text-editor\" data-id=\"677ec81\" data-element_type=\"widget\" data-e-type=\"widget\" data-widget_type=\"text-editor.default\">\n\t\t\t\t<div class=\"elementor-widget-container\">\n\t\t\t\t\t\t\t\t\t<h3 style=\"text-align: left;\"><strong>KEDY OBJEDNA\u0164?<\/strong><\/h3>\t\t\t\t\t\t\t\t<\/div>\n\t\t\t\t<\/div>\n\t\t\t\t<div class=\"elementor-element elementor-element-465299a elementor-widget elementor-widget-text-editor\" data-id=\"465299a\" data-element_type=\"widget\" data-e-type=\"widget\" data-widget_type=\"text-editor.default\">\n\t\t\t\t<div class=\"elementor-widget-container\">\n\t\t\t\t\t\t\t\t\t<p>Ak potrebujete ma\u0165 istotu, \u017ee bude pre V\u00e1s pristaven\u00e9 vozidlo vo Vami potrebnom dni a \u010dase, je mo\u017en\u00e9 si vytvori\u0165 objedn\u00e1vku na presn\u00fd \u010das.<br \/><br \/>V ide\u00e1lnom pr\u00edpade odpor\u00fa\u010dame vytvori\u0165 si objedn\u00e1vku <strong>aspo\u0148 de\u0148 vopred<\/strong>.<br \/><br \/>Term\u00edn objedn\u00e1vky m\u00f4\u017ee by\u0165 i v no\u010dn\u00fdch hodin\u00e1ch.<\/p>\t\t\t\t\t\t\t\t<\/div>\n\t\t\t\t<\/div>\n\t\t\t\t\t<\/div>\n\t\t<\/div>\n\t\t\t\t<div class=\"elementor-column elementor-col-50 elementor-top-column elementor-element elementor-element-574c5fb\" data-id=\"574c5fb\" data-element_type=\"column\" data-e-type=\"column\" data-settings=\"{&quot;background_background&quot;:&quot;classic&quot;}\">\n\t\t\t<div class=\"elementor-widget-wrap elementor-element-populated\">\n\t\t\t\t\t\t<div class=\"elementor-element elementor-element-11dc2da elementor-widget elementor-widget-text-editor\" data-id=\"11dc2da\" data-element_type=\"widget\" data-e-type=\"widget\" data-widget_type=\"text-editor.default\">\n\t\t\t\t<div class=\"elementor-widget-container\">\n\t\t\t\t\t\t\t\t\t<h3><strong>AK\u00c1 BUDE CENA?<\/strong><\/h3>\t\t\t\t\t\t\t\t<\/div>\n\t\t\t\t<\/div>\n\t\t\t\t<div class=\"elementor-element elementor-element-3d1b8e4 elementor-widget elementor-widget-text-editor\" data-id=\"3d1b8e4\" data-element_type=\"widget\" data-e-type=\"widget\" data-widget_type=\"text-editor.default\">\n\t\t\t\t<div class=\"elementor-widget-container\">\n\t\t\t\t\t\t\t\t\t<p>Pri ur\u010dovan\u00ed ceny objedn\u00e1vok vyu\u017e\u00edvame tzv. cenu dohodou.<\/p><p>Na z\u00e1klade Vami uvedenej n\u00e1stupnej adresy, medzizast\u00e1vok a v\u00fdstupnej adresy V\u00e1m bude vopred vypo\u010d\u00edtan\u00e1 cena jazdy (na ktor\u00fa u\u017e nebude ma\u0165 vplyv po\u010dasie, dopravn\u00e1 situ\u00e1cia \u010di aktu\u00e1lny dopyt po na\u0161ich slu\u017eb\u00e1ch).<br \/><br \/>Pr\u00edpadn\u00e9 \u010dakanie v r\u00e1mci objedn\u00e1vky je spoplatnen\u00e9 sumou 0,25\u20ac\/1min., pri\u010dom prv\u00fdch 5 min. \u010dakania je zdarma. V pr\u00edpade, ak by vodi\u010d dorazil na miesto vyzdvihnutia sk\u00f4r, \u010dakanie sa za\u010dne zapo\u010d\u00edtava\u0165 a\u017e od \u010dasu, na ktor\u00fd bola objedn\u00e1vka vytvoren\u00e1.<\/p>\t\t\t\t\t\t\t\t<\/div>\n\t\t\t\t<\/div>\n\t\t\t\t\t<\/div>\n\t\t<\/div>\n\t\t\t\t\t<\/div>\n\t\t<\/section>\n\t\t\t\t<section class=\"elementor-section elementor-top-section elementor-element elementor-element-4706677 elementor-section-boxed elementor-section-height-default elementor-section-height-default\" data-id=\"4706677\" data-element_type=\"section\" data-e-type=\"section\">\n\t\t\t\t\t\t<div class=\"elementor-container elementor-column-gap-default\">\n\t\t\t\t\t<div class=\"elementor-column elementor-col-100 elementor-top-column elementor-element elementor-element-95db459\" data-id=\"95db459\" data-element_type=\"column\" data-e-type=\"column\">\n\t\t\t<div class=\"elementor-widget-wrap elementor-element-populated\">\n\t\t\t\t\t\t<div class=\"elementor-element elementor-element-cb5915b elementor-widget elementor-widget-spacer\" data-id=\"cb5915b\" data-element_type=\"widget\" data-e-type=\"widget\" data-widget_type=\"spacer.default\">\n\t\t\t\t<div class=\"elementor-widget-container\">\n\t\t\t\t\t\t\t<div class=\"elementor-spacer\">\n\t\t\t<div class=\"elementor-spacer-inner\"><\/div>\n\t\t<\/div>\n\t\t\t\t\t\t<\/div>\n\t\t\t\t<\/div>\n\t\t\t\t\t<\/div>\n\t\t<\/div>\n\t\t\t\t\t<\/div>\n\t\t<\/section>\n\t\t\t\t<section class=\"elementor-section elementor-top-section elementor-element elementor-element-8316a5e elementor-section-full_width elementor-section-stretched elementor-section-height-default elementor-section-height-default\" data-id=\"8316a5e\" data-element_type=\"section\" data-e-type=\"section\" data-settings=\"{&quot;stretch_section&quot;:&quot;section-stretched&quot;,&quot;background_background&quot;:&quot;classic&quot;}\">\n\t\t\t\t\t\t<div class=\"elementor-container elementor-column-gap-default\">\n\t\t\t\t\t<div class=\"elementor-column elementor-col-33 elementor-top-column elementor-element elementor-element-df1004d\" data-id=\"df1004d\" data-element_type=\"column\" data-e-type=\"column\">\n\t\t\t<div class=\"elementor-widget-wrap elementor-element-populated\">\n\t\t\t\t\t\t<div class=\"elementor-element elementor-element-abb948d elementor-widget elementor-widget-image\" data-id=\"abb948d\" data-element_type=\"widget\" data-e-type=\"widget\" data-widget_type=\"image.default\">\n\t\t\t\t<div class=\"elementor-widget-container\">\n\t\t\t\t\t\t\t\t\t\t\t\t\t\t\t<img fetchpriority=\"high\" decoding=\"async\" width=\"768\" height=\"292\" src=\"https:\/\/lucenic.eu\/wp-content\/uploads\/2021\/06\/logo-biele-768x292.png\" class=\"attachment-medium_large size-medium_large wp-image-759\" alt=\"\" srcset=\"https:\/\/lucenic.eu\/wp-content\/uploads\/2021\/06\/logo-biele-768x292.png 768w, https:\/\/lucenic.eu\/wp-content\/uploads\/2021\/06\/logo-biele-300x114.png 300w, https:\/\/lucenic.eu\/wp-content\/uploads\/2021\/06\/logo-biele-600x228.png 600w, https:\/\/lucenic.eu\/wp-content\/uploads\/2021\/06\/logo-biele.png 1024w\" sizes=\"(max-width: 768px) 100vw, 768px\" \/>\t\t\t\t\t\t\t\t\t\t\t\t\t\t\t<\/div>\n\t\t\t\t<\/div>\n\t\t\t\t\t<\/div>\n\t\t<\/div>\n\t\t\t\t<div class=\"elementor-column elementor-col-33 elementor-top-column elementor-element elementor-element-11fa004\" data-id=\"11fa004\" data-element_type=\"column\" data-e-type=\"column\">\n\t\t\t<div class=\"elementor-widget-wrap elementor-element-populated\">\n\t\t\t\t\t\t<div class=\"elementor-element elementor-element-ff79b68 elementor-widget elementor-widget-button\" data-id=\"ff79b68\" data-element_type=\"widget\" data-e-type=\"widget\" data-widget_type=\"button.default\">\n\t\t\t\t<div class=\"elementor-widget-container\">\n\t\t\t\t\t\t\t\t\t<div class=\"elementor-button-wrapper\">\n\t\t\t\t\t<a class=\"elementor-button elementor-button-link elementor-size-sm\" href=\"http:\/\/lucenic.eu\/wp-content\/uploads\/2023\/12\/2-VSEOBECNE-OBCHODNO-PREPRAVNE-PODMIENKY-A-ZASADY-OCHRANY-OSOBNYCH-UDAJOV-od-1.6.2023.pdf\">\n\t\t\t\t\t\t<span class=\"elementor-button-content-wrapper\">\n\t\t\t\t\t\t\t\t\t<span class=\"elementor-button-text\">V\u0160EOBECN\u00c9 OBCHODNO-PREPRAVN\u00c9 PODMIENKY A Z\u00c1SADY OCHRANY OSOBN\u00ddCH \u00daDAJOV<\/span>\n\t\t\t\t\t<\/span>\n\t\t\t\t\t<\/a>\n\t\t\t\t<\/div>\n\t\t\t\t\t\t\t\t<\/div>\n\t\t\t\t<\/div>\n\t\t\t\t\t<\/div>\n\t\t<\/div>\n\t\t\t\t<div class=\"elementor-column elementor-col-33 elementor-top-column elementor-element elementor-element-1819c3e\" data-id=\"1819c3e\" data-element_type=\"column\" data-e-type=\"column\">\n\t\t\t<div class=\"elementor-widget-wrap elementor-element-populated\">\n\t\t\t\t\t\t<div class=\"elementor-element elementor-element-2bfaeb9 elementor-widget elementor-widget-text-editor\" data-id=\"2bfaeb9\" data-element_type=\"widget\" data-e-type=\"widget\" data-widget_type=\"text-editor.default\">\n\t\t\t\t<div class=\"elementor-widget-container\">\n\t\t\t\t\t\t\t\t\t<strong> LU\u010cENI\u010c s.r.o. <\/strong>\n<br>\ns\u00eddlo: Zlatohorsk\u00e1 6, 841 03 Bratislava <br>\nI\u010cO: 53 759 699 <br>\nDI\u010c: 2121483848 <br>\nI\u010c DPH: SK2121483848 <br>\nemail: lucenic@lucenic.eu <br>\ntel.\u010d.: +421 910 826 682\t\t\t\t\t\t\t\t<\/div>\n\t\t\t\t<\/div>\n\t\t\t\t\t<\/div>\n\t\t<\/div>\n\t\t\t\t\t<\/div>\n\t\t<\/section>\n\t\t\t\t<\/div>\n\t\t","protected":false},"excerpt":{"rendered":"<p>AKO OBJEDNA\u0164? TELEFONICKY +421 910 826 682 SMS +421 910 826 682 WHATSAPP +421 910 826 682 EMAIL lucenic@lucenic.eu Telefonick\u00e9 &hellip; <\/p>\n","protected":false},"author":1,"featured_media":0,"parent":0,"menu_order":0,"comment_status":"closed","ping_status":"closed","template":"elementor_header_footer","meta":{"_monsterinsights_skip_tracking":false,"_monsterinsights_sitenote_active":false,"_monsterinsights_sitenote_note":"","_monsterinsights_sitenote_category":0,"footnotes":""},"class_list":["post-791","page","type-page","status-publish","hentry"],"yoast_head":"<!-- This site is optimized with the Yoast SEO plugin v27.4 - https:\/\/yoast.com\/product\/yoast-seo-wordpress\/ -->\n<title>OBJEDN\u00c1VKY NA PRESN\u00dd \u010cAS - LU\u010cENI\u010c s.r.o.<\/title>\n<meta name=\"description\" content=\"TAXI v Bratislave. Objedn\u00e1vky vopred na presn\u00fd \u010das bez pr\u00edplatku. Vopred dohodnut\u00e1 cena jazdy. Platba v hotovosti aj platobnou kartou.\" \/>\n<meta name=\"robots\" content=\"index, follow, max-snippet:-1, max-image-preview:large, max-video-preview:-1\" \/>\n<link rel=\"canonical\" href=\"https:\/\/lucenic.eu\/?page_id=791\" \/>\n<meta property=\"og:locale\" content=\"sk_SK\" \/>\n<meta property=\"og:type\" content=\"article\" \/>\n<meta property=\"og:title\" content=\"OBJEDN\u00c1VKY NA PRESN\u00dd \u010cAS - LU\u010cENI\u010c s.r.o.\" \/>\n<meta property=\"og:description\" content=\"TAXI v Bratislave. Objedn\u00e1vky vopred na presn\u00fd \u010das bez pr\u00edplatku. Vopred dohodnut\u00e1 cena jazdy. Platba v hotovosti aj platobnou kartou.\" \/>\n<meta property=\"og:url\" content=\"https:\/\/lucenic.eu\/?page_id=791\" \/>\n<meta property=\"og:site_name\" content=\"LU\u010cENI\u010c s.r.o.\" \/>\n<meta property=\"article:publisher\" content=\"https:\/\/www.facebook.com\/lucenic.sro\" \/>\n<meta property=\"article:modified_time\" content=\"2023-12-03T00:49:19+00:00\" \/>\n<meta property=\"og:image\" content=\"http:\/\/lucenic.eu\/wp-content\/uploads\/2021\/06\/logo-biele-768x292.png\" \/>\n<meta name=\"twitter:card\" content=\"summary_large_image\" \/>\n<meta name=\"twitter:label1\" content=\"Predpokladan\u00fd \u010das \u010d\u00edtania\" \/>\n\t<meta name=\"twitter:data1\" content=\"2 min\u00faty\" \/>\n<script type=\"application\/ld+json\" class=\"yoast-schema-graph\">{\"@context\":\"https:\\\/\\\/schema.org\",\"@graph\":[{\"@type\":\"WebPage\",\"@id\":\"https:\\\/\\\/lucenic.eu\\\/?page_id=791\",\"url\":\"https:\\\/\\\/lucenic.eu\\\/?page_id=791\",\"name\":\"OBJEDN\u00c1VKY NA PRESN\u00dd \u010cAS - LU\u010cENI\u010c s.r.o.\",\"isPartOf\":{\"@id\":\"https:\\\/\\\/lucenic.eu\\\/#website\"},\"primaryImageOfPage\":{\"@id\":\"https:\\\/\\\/lucenic.eu\\\/?page_id=791#primaryimage\"},\"image\":{\"@id\":\"https:\\\/\\\/lucenic.eu\\\/?page_id=791#primaryimage\"},\"thumbnailUrl\":\"http:\\\/\\\/lucenic.eu\\\/wp-content\\\/uploads\\\/2021\\\/06\\\/logo-biele-768x292.png\",\"datePublished\":\"2021-06-05T13:38:28+00:00\",\"dateModified\":\"2023-12-03T00:49:19+00:00\",\"description\":\"TAXI v Bratislave. Objedn\u00e1vky vopred na presn\u00fd \u010das bez pr\u00edplatku. Vopred dohodnut\u00e1 cena jazdy. Platba v hotovosti aj platobnou kartou.\",\"breadcrumb\":{\"@id\":\"https:\\\/\\\/lucenic.eu\\\/?page_id=791#breadcrumb\"},\"inLanguage\":\"sk-SK\",\"potentialAction\":[{\"@type\":\"ReadAction\",\"target\":[\"https:\\\/\\\/lucenic.eu\\\/?page_id=791\"]}]},{\"@type\":\"ImageObject\",\"inLanguage\":\"sk-SK\",\"@id\":\"https:\\\/\\\/lucenic.eu\\\/?page_id=791#primaryimage\",\"url\":\"https:\\\/\\\/lucenic.eu\\\/wp-content\\\/uploads\\\/2021\\\/06\\\/logo-biele.png\",\"contentUrl\":\"https:\\\/\\\/lucenic.eu\\\/wp-content\\\/uploads\\\/2021\\\/06\\\/logo-biele.png\",\"width\":1024,\"height\":389},{\"@type\":\"BreadcrumbList\",\"@id\":\"https:\\\/\\\/lucenic.eu\\\/?page_id=791#breadcrumb\",\"itemListElement\":[{\"@type\":\"ListItem\",\"position\":1,\"name\":\"Home\",\"item\":\"https:\\\/\\\/lucenic.eu\\\/\"},{\"@type\":\"ListItem\",\"position\":2,\"name\":\"OBJEDN\u00c1VKY NA PRESN\u00dd \u010cAS\"}]},{\"@type\":\"WebSite\",\"@id\":\"https:\\\/\\\/lucenic.eu\\\/#website\",\"url\":\"https:\\\/\\\/lucenic.eu\\\/\",\"name\":\"LU\u010cENI\u010c s.r.o.\",\"description\":\"Pre pote\u0161enie z cesty\",\"publisher\":{\"@id\":\"https:\\\/\\\/lucenic.eu\\\/#organization\"},\"potentialAction\":[{\"@type\":\"SearchAction\",\"target\":{\"@type\":\"EntryPoint\",\"urlTemplate\":\"https:\\\/\\\/lucenic.eu\\\/?s={search_term_string}\"},\"query-input\":{\"@type\":\"PropertyValueSpecification\",\"valueRequired\":true,\"valueName\":\"search_term_string\"}}],\"inLanguage\":\"sk-SK\"},{\"@type\":\"Organization\",\"@id\":\"https:\\\/\\\/lucenic.eu\\\/#organization\",\"name\":\"LU\u010cENI\u010c s.r.o.\",\"url\":\"https:\\\/\\\/lucenic.eu\\\/\",\"logo\":{\"@type\":\"ImageObject\",\"inLanguage\":\"sk-SK\",\"@id\":\"https:\\\/\\\/lucenic.eu\\\/#\\\/schema\\\/logo\\\/image\\\/\",\"url\":\"https:\\\/\\\/lucenic.eu\\\/wp-content\\\/uploads\\\/2020\\\/04\\\/Pruhledny.png\",\"contentUrl\":\"https:\\\/\\\/lucenic.eu\\\/wp-content\\\/uploads\\\/2020\\\/04\\\/Pruhledny.png\",\"width\":1024,\"height\":389,\"caption\":\"LU\u010cENI\u010c s.r.o.\"},\"image\":{\"@id\":\"https:\\\/\\\/lucenic.eu\\\/#\\\/schema\\\/logo\\\/image\\\/\"},\"sameAs\":[\"https:\\\/\\\/www.facebook.com\\\/lucenic.sro\"]}]}<\/script>\n<!-- \/ Yoast SEO plugin. -->","yoast_head_json":{"title":"OBJEDN\u00c1VKY NA PRESN\u00dd \u010cAS - LU\u010cENI\u010c s.r.o.","description":"TAXI v Bratislave. Objedn\u00e1vky vopred na presn\u00fd \u010das bez pr\u00edplatku. Vopred dohodnut\u00e1 cena jazdy. Platba v hotovosti aj platobnou kartou.","robots":{"index":"index","follow":"follow","max-snippet":"max-snippet:-1","max-image-preview":"max-image-preview:large","max-video-preview":"max-video-preview:-1"},"canonical":"https:\/\/lucenic.eu\/?page_id=791","og_locale":"sk_SK","og_type":"article","og_title":"OBJEDN\u00c1VKY NA PRESN\u00dd \u010cAS - LU\u010cENI\u010c s.r.o.","og_description":"TAXI v Bratislave. Objedn\u00e1vky vopred na presn\u00fd \u010das bez pr\u00edplatku. Vopred dohodnut\u00e1 cena jazdy. Platba v hotovosti aj platobnou kartou.","og_url":"https:\/\/lucenic.eu\/?page_id=791","og_site_name":"LU\u010cENI\u010c s.r.o.","article_publisher":"https:\/\/www.facebook.com\/lucenic.sro","article_modified_time":"2023-12-03T00:49:19+00:00","og_image":[{"url":"http:\/\/lucenic.eu\/wp-content\/uploads\/2021\/06\/logo-biele-768x292.png","type":"","width":"","height":""}],"twitter_card":"summary_large_image","twitter_misc":{"Predpokladan\u00fd \u010das \u010d\u00edtania":"2 min\u00faty"},"schema":{"@context":"https:\/\/schema.org","@graph":[{"@type":"WebPage","@id":"https:\/\/lucenic.eu\/?page_id=791","url":"https:\/\/lucenic.eu\/?page_id=791","name":"OBJEDN\u00c1VKY NA PRESN\u00dd \u010cAS - LU\u010cENI\u010c s.r.o.","isPartOf":{"@id":"https:\/\/lucenic.eu\/#website"},"primaryImageOfPage":{"@id":"https:\/\/lucenic.eu\/?page_id=791#primaryimage"},"image":{"@id":"https:\/\/lucenic.eu\/?page_id=791#primaryimage"},"thumbnailUrl":"http:\/\/lucenic.eu\/wp-content\/uploads\/2021\/06\/logo-biele-768x292.png","datePublished":"2021-06-05T13:38:28+00:00","dateModified":"2023-12-03T00:49:19+00:00","description":"TAXI v Bratislave. Objedn\u00e1vky vopred na presn\u00fd \u010das bez pr\u00edplatku. Vopred dohodnut\u00e1 cena jazdy. Platba v hotovosti aj platobnou kartou.","breadcrumb":{"@id":"https:\/\/lucenic.eu\/?page_id=791#breadcrumb"},"inLanguage":"sk-SK","potentialAction":[{"@type":"ReadAction","target":["https:\/\/lucenic.eu\/?page_id=791"]}]},{"@type":"ImageObject","inLanguage":"sk-SK","@id":"https:\/\/lucenic.eu\/?page_id=791#primaryimage","url":"https:\/\/lucenic.eu\/wp-content\/uploads\/2021\/06\/logo-biele.png","contentUrl":"https:\/\/lucenic.eu\/wp-content\/uploads\/2021\/06\/logo-biele.png","width":1024,"height":389},{"@type":"BreadcrumbList","@id":"https:\/\/lucenic.eu\/?page_id=791#breadcrumb","itemListElement":[{"@type":"ListItem","position":1,"name":"Home","item":"https:\/\/lucenic.eu\/"},{"@type":"ListItem","position":2,"name":"OBJEDN\u00c1VKY NA PRESN\u00dd \u010cAS"}]},{"@type":"WebSite","@id":"https:\/\/lucenic.eu\/#website","url":"https:\/\/lucenic.eu\/","name":"LU\u010cENI\u010c s.r.o.","description":"Pre pote\u0161enie z cesty","publisher":{"@id":"https:\/\/lucenic.eu\/#organization"},"potentialAction":[{"@type":"SearchAction","target":{"@type":"EntryPoint","urlTemplate":"https:\/\/lucenic.eu\/?s={search_term_string}"},"query-input":{"@type":"PropertyValueSpecification","valueRequired":true,"valueName":"search_term_string"}}],"inLanguage":"sk-SK"},{"@type":"Organization","@id":"https:\/\/lucenic.eu\/#organization","name":"LU\u010cENI\u010c s.r.o.","url":"https:\/\/lucenic.eu\/","logo":{"@type":"ImageObject","inLanguage":"sk-SK","@id":"https:\/\/lucenic.eu\/#\/schema\/logo\/image\/","url":"https:\/\/lucenic.eu\/wp-content\/uploads\/2020\/04\/Pruhledny.png","contentUrl":"https:\/\/lucenic.eu\/wp-content\/uploads\/2020\/04\/Pruhledny.png","width":1024,"height":389,"caption":"LU\u010cENI\u010c s.r.o."},"image":{"@id":"https:\/\/lucenic.eu\/#\/schema\/logo\/image\/"},"sameAs":["https:\/\/www.facebook.com\/lucenic.sro"]}]}},"_links":{"self":[{"href":"https:\/\/lucenic.eu\/index.php?rest_route=\/wp\/v2\/pages\/791","targetHints":{"allow":["GET"]}}],"collection":[{"href":"https:\/\/lucenic.eu\/index.php?rest_route=\/wp\/v2\/pages"}],"about":[{"href":"https:\/\/lucenic.eu\/index.php?rest_route=\/wp\/v2\/types\/page"}],"author":[{"embeddable":true,"href":"https:\/\/lucenic.eu\/index.php?rest_route=\/wp\/v2\/users\/1"}],"replies":[{"embeddable":true,"href":"https:\/\/lucenic.eu\/index.php?rest_route=%2Fwp%2Fv2%2Fcomments&post=791"}],"version-history":[{"count":6,"href":"https:\/\/lucenic.eu\/index.php?rest_route=\/wp\/v2\/pages\/791\/revisions"}],"predecessor-version":[{"id":2687,"href":"https:\/\/lucenic.eu\/index.php?rest_route=\/wp\/v2\/pages\/791\/revisions\/2687"}],"wp:attachment":[{"href":"https:\/\/lucenic.eu\/index.php?rest_route=%2Fwp%2Fv2%2Fmedia&parent=791"}],"curies":[{"name":"wp","href":"https:\/\/api.w.org\/{rel}","templated":true}]}}