{"id":976,"date":"2021-06-05T18:40:25","date_gmt":"2021-06-05T16:40:25","guid":{"rendered":"http:\/\/lucenic.eu\/?page_id=976"},"modified":"2023-12-03T01:46:52","modified_gmt":"2023-12-03T00:46:52","slug":"galeria","status":"publish","type":"page","link":"https:\/\/lucenic.eu\/?page_id=976","title":{"rendered":"GAL\u00c9RIA"},"content":{"rendered":"\t\t<div data-elementor-type=\"wp-page\" data-elementor-id=\"976\" class=\"elementor elementor-976\">\n\t\t\t\t\t\t<section class=\"elementor-section elementor-top-section elementor-element elementor-element-772af80 elementor-section-boxed elementor-section-height-default elementor-section-height-default\" data-id=\"772af80\" data-element_type=\"section\" data-e-type=\"section\">\n\t\t\t\t\t\t<div class=\"elementor-container elementor-column-gap-default\">\n\t\t\t\t\t<div class=\"elementor-column elementor-col-100 elementor-top-column elementor-element elementor-element-0eb59eb\" data-id=\"0eb59eb\" data-element_type=\"column\" data-e-type=\"column\">\n\t\t\t<div class=\"elementor-widget-wrap elementor-element-populated\">\n\t\t\t\t\t\t<div class=\"elementor-element elementor-element-394f028 elementor-widget elementor-widget-spacer\" data-id=\"394f028\" data-element_type=\"widget\" data-e-type=\"widget\" data-widget_type=\"spacer.default\">\n\t\t\t\t<div class=\"elementor-widget-container\">\n\t\t\t\t\t\t\t<div class=\"elementor-spacer\">\n\t\t\t<div class=\"elementor-spacer-inner\"><\/div>\n\t\t<\/div>\n\t\t\t\t\t\t<\/div>\n\t\t\t\t<\/div>\n\t\t\t\t\t<\/div>\n\t\t<\/div>\n\t\t\t\t\t<\/div>\n\t\t<\/section>\n\t\t\t\t<section class=\"elementor-section elementor-top-section elementor-element elementor-element-b95b8b1 elementor-section-boxed elementor-section-height-default elementor-section-height-default\" data-id=\"b95b8b1\" data-element_type=\"section\" data-e-type=\"section\">\n\t\t\t\t\t\t<div class=\"elementor-container elementor-column-gap-default\">\n\t\t\t\t\t<div class=\"elementor-column elementor-col-100 elementor-top-column elementor-element elementor-element-e423c2c\" data-id=\"e423c2c\" data-element_type=\"column\" data-e-type=\"column\">\n\t\t\t<div class=\"elementor-widget-wrap elementor-element-populated\">\n\t\t\t\t\t\t<div class=\"elementor-element elementor-element-0c088ca elementor-widget elementor-widget-heading\" data-id=\"0c088ca\" data-element_type=\"widget\" data-e-type=\"widget\" data-widget_type=\"heading.default\">\n\t\t\t\t<div class=\"elementor-widget-container\">\n\t\t\t\t\t<h1 class=\"elementor-heading-title elementor-size-xxl\">GAL\u00c9RIA<\/h1>\t\t\t\t<\/div>\n\t\t\t\t<\/div>\n\t\t\t\t\t<\/div>\n\t\t<\/div>\n\t\t\t\t\t<\/div>\n\t\t<\/section>\n\t\t\t\t<section class=\"elementor-section elementor-top-section elementor-element elementor-element-f6e0b12 elementor-section-boxed elementor-section-height-default elementor-section-height-default\" data-id=\"f6e0b12\" data-element_type=\"section\" data-e-type=\"section\">\n\t\t\t\t\t\t<div class=\"elementor-container elementor-column-gap-default\">\n\t\t\t\t\t<div class=\"elementor-column elementor-col-100 elementor-top-column elementor-element elementor-element-09b2b11\" data-id=\"09b2b11\" data-element_type=\"column\" data-e-type=\"column\">\n\t\t\t<div class=\"elementor-widget-wrap elementor-element-populated\">\n\t\t\t\t\t\t<div class=\"elementor-element elementor-element-c5707a7 elementor-widget-divider--view-line elementor-widget elementor-widget-divider\" data-id=\"c5707a7\" data-element_type=\"widget\" data-e-type=\"widget\" data-widget_type=\"divider.default\">\n\t\t\t\t<div class=\"elementor-widget-container\">\n\t\t\t\t\t\t\t<div class=\"elementor-divider\">\n\t\t\t<span class=\"elementor-divider-separator\">\n\t\t\t\t\t\t<\/span>\n\t\t<\/div>\n\t\t\t\t\t\t<\/div>\n\t\t\t\t<\/div>\n\t\t\t\t\t<\/div>\n\t\t<\/div>\n\t\t\t\t\t<\/div>\n\t\t<\/section>\n\t\t\t\t<section class=\"elementor-section elementor-top-section elementor-element elementor-element-9647fdc elementor-section-full_width elementor-section-height-default elementor-section-height-default\" data-id=\"9647fdc\" data-element_type=\"section\" data-e-type=\"section\">\n\t\t\t\t\t\t<div class=\"elementor-container elementor-column-gap-default\">\n\t\t\t\t\t<div class=\"elementor-column elementor-col-100 elementor-top-column elementor-element elementor-element-715fccf\" data-id=\"715fccf\" data-element_type=\"column\" data-e-type=\"column\">\n\t\t\t<div class=\"elementor-widget-wrap elementor-element-populated\">\n\t\t\t\t\t\t<div class=\"elementor-element elementor-element-4e7a735 gallery-spacing-custom elementor-widget elementor-widget-image-gallery\" data-id=\"4e7a735\" data-element_type=\"widget\" data-e-type=\"widget\" data-widget_type=\"image-gallery.default\">\n\t\t\t\t<div class=\"elementor-widget-container\">\n\t\t\t\t\t\t\t<div class=\"elementor-image-gallery\">\n\t\t\t<div id='gallery-1' class='gallery galleryid-976 gallery-columns-3 gallery-size-medium_large'><figure class='gallery-item'>\n\t\t\t<div class='gallery-icon landscape'>\n\t\t\t\t<a data-elementor-open-lightbox=\"yes\" data-elementor-lightbox-slideshow=\"4e7a735\" data-elementor-lightbox-title=\"1\" data-e-action-hash=\"#elementor-action%3Aaction%3Dlightbox%26settings%3DeyJpZCI6MjQ1OSwidXJsIjoiaHR0cHM6XC9cL2x1Y2VuaWMuZXVcL3dwLWNvbnRlbnRcL3VwbG9hZHNcLzIwMjJcLzExXC8xLmpwZyIsInNsaWRlc2hvdyI6IjRlN2E3MzUifQ%3D%3D\" href='https:\/\/lucenic.eu\/wp-content\/uploads\/2022\/11\/1.jpg'><img fetchpriority=\"high\" decoding=\"async\" width=\"768\" height=\"768\" src=\"https:\/\/lucenic.eu\/wp-content\/uploads\/2022\/11\/1-768x768.jpg\" class=\"attachment-medium_large size-medium_large\" alt=\"\" srcset=\"https:\/\/lucenic.eu\/wp-content\/uploads\/2022\/11\/1-768x768.jpg 768w, https:\/\/lucenic.eu\/wp-content\/uploads\/2022\/11\/1-300x300.jpg 300w, https:\/\/lucenic.eu\/wp-content\/uploads\/2022\/11\/1-1024x1024.jpg 1024w, https:\/\/lucenic.eu\/wp-content\/uploads\/2022\/11\/1-150x150.jpg 150w, https:\/\/lucenic.eu\/wp-content\/uploads\/2022\/11\/1-1536x1536.jpg 1536w, https:\/\/lucenic.eu\/wp-content\/uploads\/2022\/11\/1-80x80.jpg 80w, https:\/\/lucenic.eu\/wp-content\/uploads\/2022\/11\/1-600x600.jpg 600w, https:\/\/lucenic.eu\/wp-content\/uploads\/2022\/11\/1-100x100.jpg 100w, https:\/\/lucenic.eu\/wp-content\/uploads\/2022\/11\/1.jpg 1564w\" sizes=\"(max-width: 768px) 100vw, 768px\" \/><\/a>\n\t\t\t<\/div><\/figure><figure class='gallery-item'>\n\t\t\t<div class='gallery-icon landscape'>\n\t\t\t\t<a data-elementor-open-lightbox=\"yes\" data-elementor-lightbox-slideshow=\"4e7a735\" data-elementor-lightbox-title=\"VAN\" data-e-action-hash=\"#elementor-action%3Aaction%3Dlightbox%26settings%3DeyJpZCI6MjAzNiwidXJsIjoiaHR0cHM6XC9cL2x1Y2VuaWMuZXVcL3dwLWNvbnRlbnRcL3VwbG9hZHNcLzIwMjJcLzA0XC9WQU4uanBlZyIsInNsaWRlc2hvdyI6IjRlN2E3MzUifQ%3D%3D\" href='https:\/\/lucenic.eu\/wp-content\/uploads\/2022\/04\/VAN.jpeg'><img decoding=\"async\" width=\"768\" height=\"768\" src=\"https:\/\/lucenic.eu\/wp-content\/uploads\/2022\/04\/VAN-768x768.jpeg\" class=\"attachment-medium_large size-medium_large\" alt=\"\" srcset=\"https:\/\/lucenic.eu\/wp-content\/uploads\/2022\/04\/VAN-768x768.jpeg 768w, https:\/\/lucenic.eu\/wp-content\/uploads\/2022\/04\/VAN-300x300.jpeg 300w, https:\/\/lucenic.eu\/wp-content\/uploads\/2022\/04\/VAN-1024x1024.jpeg 1024w, https:\/\/lucenic.eu\/wp-content\/uploads\/2022\/04\/VAN-150x150.jpeg 150w, https:\/\/lucenic.eu\/wp-content\/uploads\/2022\/04\/VAN-1536x1536.jpeg 1536w, https:\/\/lucenic.eu\/wp-content\/uploads\/2022\/04\/VAN-80x80.jpeg 80w, https:\/\/lucenic.eu\/wp-content\/uploads\/2022\/04\/VAN-600x600.jpeg 600w, https:\/\/lucenic.eu\/wp-content\/uploads\/2022\/04\/VAN-100x100.jpeg 100w, https:\/\/lucenic.eu\/wp-content\/uploads\/2022\/04\/VAN.jpeg 1564w\" sizes=\"(max-width: 768px) 100vw, 768px\" \/><\/a>\n\t\t\t<\/div><\/figure><figure class='gallery-item'>\n\t\t\t<div class='gallery-icon landscape'>\n\t\t\t\t<a data-elementor-open-lightbox=\"yes\" data-elementor-lightbox-slideshow=\"4e7a735\" data-elementor-lightbox-title=\"WhatsApp Image 2021-06-13 at 14.07.21\" data-e-action-hash=\"#elementor-action%3Aaction%3Dlightbox%26settings%3DeyJpZCI6MTEzNiwidXJsIjoiaHR0cHM6XC9cL2x1Y2VuaWMuZXVcL3dwLWNvbnRlbnRcL3VwbG9hZHNcLzIwMjFcLzA2XC9XaGF0c0FwcC1JbWFnZS0yMDIxLTA2LTEzLWF0LTE0LjA3LjIxLmpwZWciLCJzbGlkZXNob3ciOiI0ZTdhNzM1In0%3D\" href='https:\/\/lucenic.eu\/wp-content\/uploads\/2021\/06\/WhatsApp-Image-2021-06-13-at-14.07.21.jpeg'><img decoding=\"async\" width=\"768\" height=\"768\" src=\"https:\/\/lucenic.eu\/wp-content\/uploads\/2021\/06\/WhatsApp-Image-2021-06-13-at-14.07.21-768x768.jpeg\" class=\"attachment-medium_large size-medium_large\" alt=\"\" srcset=\"https:\/\/lucenic.eu\/wp-content\/uploads\/2021\/06\/WhatsApp-Image-2021-06-13-at-14.07.21-768x768.jpeg 768w, https:\/\/lucenic.eu\/wp-content\/uploads\/2021\/06\/WhatsApp-Image-2021-06-13-at-14.07.21-300x300.jpeg 300w, https:\/\/lucenic.eu\/wp-content\/uploads\/2021\/06\/WhatsApp-Image-2021-06-13-at-14.07.21-1024x1024.jpeg 1024w, https:\/\/lucenic.eu\/wp-content\/uploads\/2021\/06\/WhatsApp-Image-2021-06-13-at-14.07.21-150x150.jpeg 150w, https:\/\/lucenic.eu\/wp-content\/uploads\/2021\/06\/WhatsApp-Image-2021-06-13-at-14.07.21-1536x1536.jpeg 1536w, https:\/\/lucenic.eu\/wp-content\/uploads\/2021\/06\/WhatsApp-Image-2021-06-13-at-14.07.21-80x80.jpeg 80w, https:\/\/lucenic.eu\/wp-content\/uploads\/2021\/06\/WhatsApp-Image-2021-06-13-at-14.07.21-600x600.jpeg 600w, https:\/\/lucenic.eu\/wp-content\/uploads\/2021\/06\/WhatsApp-Image-2021-06-13-at-14.07.21-100x100.jpeg 100w, https:\/\/lucenic.eu\/wp-content\/uploads\/2021\/06\/WhatsApp-Image-2021-06-13-at-14.07.21.jpeg 1564w\" sizes=\"(max-width: 768px) 100vw, 768px\" \/><\/a>\n\t\t\t<\/div><\/figure>\n\t\t<\/div>\n\t\t<\/div>\n\t\t\t\t\t\t<\/div>\n\t\t\t\t<\/div>\n\t\t\t\t<div class=\"elementor-element elementor-element-bae1bcb elementor-widget elementor-widget-spacer\" data-id=\"bae1bcb\" data-element_type=\"widget\" data-e-type=\"widget\" data-widget_type=\"spacer.default\">\n\t\t\t\t<div class=\"elementor-widget-container\">\n\t\t\t\t\t\t\t<div class=\"elementor-spacer\">\n\t\t\t<div class=\"elementor-spacer-inner\"><\/div>\n\t\t<\/div>\n\t\t\t\t\t\t<\/div>\n\t\t\t\t<\/div>\n\t\t\t\t\t<\/div>\n\t\t<\/div>\n\t\t\t\t\t<\/div>\n\t\t<\/section>\n\t\t\t\t<section class=\"elementor-section elementor-top-section elementor-element elementor-element-8d6cb2d elementor-section-full_width elementor-section-height-default elementor-section-height-default\" data-id=\"8d6cb2d\" data-element_type=\"section\" data-e-type=\"section\">\n\t\t\t\t\t\t<div class=\"elementor-container elementor-column-gap-default\">\n\t\t\t\t\t<div class=\"elementor-column elementor-col-33 elementor-top-column elementor-element elementor-element-943e9f3\" data-id=\"943e9f3\" data-element_type=\"column\" data-e-type=\"column\">\n\t\t\t<div class=\"elementor-widget-wrap\">\n\t\t\t\t\t\t\t<\/div>\n\t\t<\/div>\n\t\t\t\t<div class=\"elementor-column elementor-col-33 elementor-top-column elementor-element elementor-element-d5ec935\" data-id=\"d5ec935\" data-element_type=\"column\" data-e-type=\"column\">\n\t\t\t<div class=\"elementor-widget-wrap elementor-element-populated\">\n\t\t\t\t\t\t<div class=\"elementor-element elementor-element-1ad6397 elementor-widget__width-inherit elementor-widget elementor-widget-video\" data-id=\"1ad6397\" data-element_type=\"widget\" data-e-type=\"widget\" data-settings=\"{&quot;youtube_url&quot;:&quot;https:\\\/\\\/www.youtube.com\\\/watch?v=brnliU-fL8g&quot;,&quot;video_type&quot;:&quot;youtube&quot;,&quot;controls&quot;:&quot;yes&quot;}\" data-widget_type=\"video.default\">\n\t\t\t\t<div class=\"elementor-widget-container\">\n\t\t\t\t\t\t\t<div class=\"elementor-wrapper elementor-open-inline\">\n\t\t\t<div class=\"elementor-video\"><\/div>\t\t<\/div>\n\t\t\t\t\t\t<\/div>\n\t\t\t\t<\/div>\n\t\t\t\t\t<\/div>\n\t\t<\/div>\n\t\t\t\t<div class=\"elementor-column elementor-col-33 elementor-top-column elementor-element elementor-element-c1bbc14\" data-id=\"c1bbc14\" data-element_type=\"column\" data-e-type=\"column\">\n\t\t\t<div class=\"elementor-widget-wrap\">\n\t\t\t\t\t\t\t<\/div>\n\t\t<\/div>\n\t\t\t\t\t<\/div>\n\t\t<\/section>\n\t\t\t\t<section class=\"elementor-section elementor-top-section elementor-element elementor-element-3b3d853 elementor-section-boxed elementor-section-height-default elementor-section-height-default\" data-id=\"3b3d853\" data-element_type=\"section\" data-e-type=\"section\">\n\t\t\t\t\t\t<div class=\"elementor-container elementor-column-gap-default\">\n\t\t\t\t\t<div class=\"elementor-column elementor-col-100 elementor-top-column elementor-element elementor-element-fd0671a\" data-id=\"fd0671a\" data-element_type=\"column\" data-e-type=\"column\">\n\t\t\t<div class=\"elementor-widget-wrap elementor-element-populated\">\n\t\t\t\t\t\t<div class=\"elementor-element elementor-element-7b9f16d elementor-widget elementor-widget-spacer\" data-id=\"7b9f16d\" data-element_type=\"widget\" data-e-type=\"widget\" data-widget_type=\"spacer.default\">\n\t\t\t\t<div class=\"elementor-widget-container\">\n\t\t\t\t\t\t\t<div class=\"elementor-spacer\">\n\t\t\t<div class=\"elementor-spacer-inner\"><\/div>\n\t\t<\/div>\n\t\t\t\t\t\t<\/div>\n\t\t\t\t<\/div>\n\t\t\t\t\t<\/div>\n\t\t<\/div>\n\t\t\t\t\t<\/div>\n\t\t<\/section>\n\t\t\t\t<section class=\"elementor-section elementor-top-section elementor-element elementor-element-1533d0b elementor-section-full_width elementor-section-stretched elementor-section-height-default elementor-section-height-default\" data-id=\"1533d0b\" data-element_type=\"section\" data-e-type=\"section\" data-settings=\"{&quot;stretch_section&quot;:&quot;section-stretched&quot;,&quot;background_background&quot;:&quot;classic&quot;}\">\n\t\t\t\t\t\t<div class=\"elementor-container elementor-column-gap-default\">\n\t\t\t\t\t<div class=\"elementor-column elementor-col-33 elementor-top-column elementor-element elementor-element-6653e93\" data-id=\"6653e93\" data-element_type=\"column\" data-e-type=\"column\">\n\t\t\t<div class=\"elementor-widget-wrap elementor-element-populated\">\n\t\t\t\t\t\t<div class=\"elementor-element elementor-element-c444116 elementor-widget elementor-widget-image\" data-id=\"c444116\" data-element_type=\"widget\" data-e-type=\"widget\" data-widget_type=\"image.default\">\n\t\t\t\t<div class=\"elementor-widget-container\">\n\t\t\t\t\t\t\t\t\t\t\t\t\t\t\t<img loading=\"lazy\" decoding=\"async\" width=\"768\" height=\"292\" src=\"https:\/\/lucenic.eu\/wp-content\/uploads\/2021\/06\/logo-biele-768x292.png\" class=\"attachment-medium_large size-medium_large wp-image-759\" alt=\"\" srcset=\"https:\/\/lucenic.eu\/wp-content\/uploads\/2021\/06\/logo-biele-768x292.png 768w, https:\/\/lucenic.eu\/wp-content\/uploads\/2021\/06\/logo-biele-300x114.png 300w, https:\/\/lucenic.eu\/wp-content\/uploads\/2021\/06\/logo-biele-600x228.png 600w, https:\/\/lucenic.eu\/wp-content\/uploads\/2021\/06\/logo-biele.png 1024w\" sizes=\"(max-width: 768px) 100vw, 768px\" \/>\t\t\t\t\t\t\t\t\t\t\t\t\t\t\t<\/div>\n\t\t\t\t<\/div>\n\t\t\t\t\t<\/div>\n\t\t<\/div>\n\t\t\t\t<div class=\"elementor-column elementor-col-33 elementor-top-column elementor-element elementor-element-0f3e835\" data-id=\"0f3e835\" data-element_type=\"column\" data-e-type=\"column\">\n\t\t\t<div class=\"elementor-widget-wrap elementor-element-populated\">\n\t\t\t\t\t\t<div class=\"elementor-element elementor-element-d26dbe3 elementor-widget elementor-widget-button\" data-id=\"d26dbe3\" data-element_type=\"widget\" data-e-type=\"widget\" data-widget_type=\"button.default\">\n\t\t\t\t<div class=\"elementor-widget-container\">\n\t\t\t\t\t\t\t\t\t<div class=\"elementor-button-wrapper\">\n\t\t\t\t\t<a class=\"elementor-button elementor-button-link elementor-size-sm\" href=\"http:\/\/lucenic.eu\/wp-content\/uploads\/2023\/12\/2-VSEOBECNE-OBCHODNO-PREPRAVNE-PODMIENKY-A-ZASADY-OCHRANY-OSOBNYCH-UDAJOV-od-1.6.2023.pdf\">\n\t\t\t\t\t\t<span class=\"elementor-button-content-wrapper\">\n\t\t\t\t\t\t\t\t\t<span class=\"elementor-button-text\">V\u0160EOBECN\u00c9 OBCHODNO-PREPRAVN\u00c9 PODMIENKY A Z\u00c1SADY OCHRANY OSOBN\u00ddCH \u00daDAJOV<\/span>\n\t\t\t\t\t<\/span>\n\t\t\t\t\t<\/a>\n\t\t\t\t<\/div>\n\t\t\t\t\t\t\t\t<\/div>\n\t\t\t\t<\/div>\n\t\t\t\t\t<\/div>\n\t\t<\/div>\n\t\t\t\t<div class=\"elementor-column elementor-col-33 elementor-top-column elementor-element elementor-element-ac75fae\" data-id=\"ac75fae\" data-element_type=\"column\" data-e-type=\"column\">\n\t\t\t<div class=\"elementor-widget-wrap elementor-element-populated\">\n\t\t\t\t\t\t<div class=\"elementor-element elementor-element-943459d elementor-widget elementor-widget-text-editor\" data-id=\"943459d\" data-element_type=\"widget\" data-e-type=\"widget\" data-widget_type=\"text-editor.default\">\n\t\t\t\t<div class=\"elementor-widget-container\">\n\t\t\t\t\t\t\t\t\t<strong> LU\u010cENI\u010c s.r.o. <\/strong>\n<br>\ns\u00eddlo: Zlatohorsk\u00e1 6, 841 03 Bratislava <br>\nI\u010cO: 53 759 699 <br>\nDI\u010c: 2121483848 <br>\nI\u010c DPH: SK2121483848 <br>\nemail: lucenic@lucenic.eu <br>\ntel.\u010d.: +421 910 826 682\t\t\t\t\t\t\t\t<\/div>\n\t\t\t\t<\/div>\n\t\t\t\t\t<\/div>\n\t\t<\/div>\n\t\t\t\t\t<\/div>\n\t\t<\/section>\n\t\t\t\t<\/div>\n\t\t","protected":false},"excerpt":{"rendered":"<p>GAL\u00c9RIA V\u0160EOBECN\u00c9 OBCHODNO-PREPRAVN\u00c9 PODMIENKY A Z\u00c1SADY OCHRANY OSOBN\u00ddCH \u00daDAJOV LU\u010cENI\u010c s.r.o. s\u00eddlo: Zlatohorsk\u00e1 6, 841 03 Bratislava I\u010cO: 53 759 &hellip; <\/p>\n","protected":false},"author":1,"featured_media":0,"parent":0,"menu_order":0,"comment_status":"closed","ping_status":"closed","template":"elementor_header_footer","meta":{"_monsterinsights_skip_tracking":false,"_monsterinsights_sitenote_active":false,"_monsterinsights_sitenote_note":"","_monsterinsights_sitenote_category":0,"footnotes":""},"class_list":["post-976","page","type-page","status-publish","hentry"],"yoast_head":"<!-- This site is optimized with the Yoast SEO plugin v27.4 - https:\/\/yoast.com\/product\/yoast-seo-wordpress\/ -->\n<title>GAL\u00c9RIA - LU\u010cENI\u010c s.r.o.<\/title>\n<meta name=\"robots\" content=\"index, follow, max-snippet:-1, max-image-preview:large, max-video-preview:-1\" \/>\n<link rel=\"canonical\" href=\"https:\/\/lucenic.eu\/?page_id=976\" \/>\n<meta property=\"og:locale\" content=\"sk_SK\" \/>\n<meta property=\"og:type\" content=\"article\" \/>\n<meta property=\"og:title\" content=\"GAL\u00c9RIA - LU\u010cENI\u010c s.r.o.\" \/>\n<meta property=\"og:description\" content=\"GAL\u00c9RIA V\u0160EOBECN\u00c9 OBCHODNO-PREPRAVN\u00c9 PODMIENKY A Z\u00c1SADY OCHRANY OSOBN\u00ddCH \u00daDAJOV LU\u010cENI\u010c s.r.o. s\u00eddlo: Zlatohorsk\u00e1 6, 841 03 Bratislava I\u010cO: 53 759 &hellip;\" \/>\n<meta property=\"og:url\" content=\"https:\/\/lucenic.eu\/?page_id=976\" \/>\n<meta property=\"og:site_name\" content=\"LU\u010cENI\u010c s.r.o.\" \/>\n<meta property=\"article:publisher\" content=\"https:\/\/www.facebook.com\/lucenic.sro\" \/>\n<meta property=\"article:modified_time\" content=\"2023-12-03T00:46:52+00:00\" \/>\n<meta property=\"og:image\" content=\"http:\/\/lucenic.eu\/wp-content\/uploads\/2022\/11\/1-768x768.jpg\" \/>\n<meta name=\"twitter:card\" content=\"summary_large_image\" \/>\n<meta name=\"twitter:label1\" content=\"Predpokladan\u00fd \u010das \u010d\u00edtania\" \/>\n\t<meta name=\"twitter:data1\" content=\"1 min\u00fata\" \/>\n<script type=\"application\/ld+json\" class=\"yoast-schema-graph\">{\"@context\":\"https:\\\/\\\/schema.org\",\"@graph\":[{\"@type\":\"WebPage\",\"@id\":\"https:\\\/\\\/lucenic.eu\\\/?page_id=976\",\"url\":\"https:\\\/\\\/lucenic.eu\\\/?page_id=976\",\"name\":\"GAL\u00c9RIA - LU\u010cENI\u010c s.r.o.\",\"isPartOf\":{\"@id\":\"https:\\\/\\\/lucenic.eu\\\/#website\"},\"primaryImageOfPage\":{\"@id\":\"https:\\\/\\\/lucenic.eu\\\/?page_id=976#primaryimage\"},\"image\":{\"@id\":\"https:\\\/\\\/lucenic.eu\\\/?page_id=976#primaryimage\"},\"thumbnailUrl\":\"http:\\\/\\\/lucenic.eu\\\/wp-content\\\/uploads\\\/2022\\\/11\\\/1-768x768.jpg\",\"datePublished\":\"2021-06-05T16:40:25+00:00\",\"dateModified\":\"2023-12-03T00:46:52+00:00\",\"breadcrumb\":{\"@id\":\"https:\\\/\\\/lucenic.eu\\\/?page_id=976#breadcrumb\"},\"inLanguage\":\"sk-SK\",\"potentialAction\":[{\"@type\":\"ReadAction\",\"target\":[\"https:\\\/\\\/lucenic.eu\\\/?page_id=976\"]}]},{\"@type\":\"ImageObject\",\"inLanguage\":\"sk-SK\",\"@id\":\"https:\\\/\\\/lucenic.eu\\\/?page_id=976#primaryimage\",\"url\":\"http:\\\/\\\/lucenic.eu\\\/wp-content\\\/uploads\\\/2022\\\/11\\\/1-768x768.jpg\",\"contentUrl\":\"http:\\\/\\\/lucenic.eu\\\/wp-content\\\/uploads\\\/2022\\\/11\\\/1-768x768.jpg\"},{\"@type\":\"BreadcrumbList\",\"@id\":\"https:\\\/\\\/lucenic.eu\\\/?page_id=976#breadcrumb\",\"itemListElement\":[{\"@type\":\"ListItem\",\"position\":1,\"name\":\"Home\",\"item\":\"https:\\\/\\\/lucenic.eu\\\/\"},{\"@type\":\"ListItem\",\"position\":2,\"name\":\"GAL\u00c9RIA\"}]},{\"@type\":\"WebSite\",\"@id\":\"https:\\\/\\\/lucenic.eu\\\/#website\",\"url\":\"https:\\\/\\\/lucenic.eu\\\/\",\"name\":\"LU\u010cENI\u010c s.r.o.\",\"description\":\"Pre pote\u0161enie z cesty\",\"publisher\":{\"@id\":\"https:\\\/\\\/lucenic.eu\\\/#organization\"},\"potentialAction\":[{\"@type\":\"SearchAction\",\"target\":{\"@type\":\"EntryPoint\",\"urlTemplate\":\"https:\\\/\\\/lucenic.eu\\\/?s={search_term_string}\"},\"query-input\":{\"@type\":\"PropertyValueSpecification\",\"valueRequired\":true,\"valueName\":\"search_term_string\"}}],\"inLanguage\":\"sk-SK\"},{\"@type\":\"Organization\",\"@id\":\"https:\\\/\\\/lucenic.eu\\\/#organization\",\"name\":\"LU\u010cENI\u010c s.r.o.\",\"url\":\"https:\\\/\\\/lucenic.eu\\\/\",\"logo\":{\"@type\":\"ImageObject\",\"inLanguage\":\"sk-SK\",\"@id\":\"https:\\\/\\\/lucenic.eu\\\/#\\\/schema\\\/logo\\\/image\\\/\",\"url\":\"https:\\\/\\\/lucenic.eu\\\/wp-content\\\/uploads\\\/2020\\\/04\\\/Pruhledny.png\",\"contentUrl\":\"https:\\\/\\\/lucenic.eu\\\/wp-content\\\/uploads\\\/2020\\\/04\\\/Pruhledny.png\",\"width\":1024,\"height\":389,\"caption\":\"LU\u010cENI\u010c s.r.o.\"},\"image\":{\"@id\":\"https:\\\/\\\/lucenic.eu\\\/#\\\/schema\\\/logo\\\/image\\\/\"},\"sameAs\":[\"https:\\\/\\\/www.facebook.com\\\/lucenic.sro\"]}]}<\/script>\n<!-- \/ Yoast SEO plugin. -->","yoast_head_json":{"title":"GAL\u00c9RIA - LU\u010cENI\u010c s.r.o.","robots":{"index":"index","follow":"follow","max-snippet":"max-snippet:-1","max-image-preview":"max-image-preview:large","max-video-preview":"max-video-preview:-1"},"canonical":"https:\/\/lucenic.eu\/?page_id=976","og_locale":"sk_SK","og_type":"article","og_title":"GAL\u00c9RIA - LU\u010cENI\u010c s.r.o.","og_description":"GAL\u00c9RIA V\u0160EOBECN\u00c9 OBCHODNO-PREPRAVN\u00c9 PODMIENKY A Z\u00c1SADY OCHRANY OSOBN\u00ddCH \u00daDAJOV LU\u010cENI\u010c s.r.o. s\u00eddlo: Zlatohorsk\u00e1 6, 841 03 Bratislava I\u010cO: 53 759 &hellip;","og_url":"https:\/\/lucenic.eu\/?page_id=976","og_site_name":"LU\u010cENI\u010c s.r.o.","article_publisher":"https:\/\/www.facebook.com\/lucenic.sro","article_modified_time":"2023-12-03T00:46:52+00:00","og_image":[{"url":"http:\/\/lucenic.eu\/wp-content\/uploads\/2022\/11\/1-768x768.jpg","type":"","width":"","height":""}],"twitter_card":"summary_large_image","twitter_misc":{"Predpokladan\u00fd \u010das \u010d\u00edtania":"1 min\u00fata"},"schema":{"@context":"https:\/\/schema.org","@graph":[{"@type":"WebPage","@id":"https:\/\/lucenic.eu\/?page_id=976","url":"https:\/\/lucenic.eu\/?page_id=976","name":"GAL\u00c9RIA - LU\u010cENI\u010c s.r.o.","isPartOf":{"@id":"https:\/\/lucenic.eu\/#website"},"primaryImageOfPage":{"@id":"https:\/\/lucenic.eu\/?page_id=976#primaryimage"},"image":{"@id":"https:\/\/lucenic.eu\/?page_id=976#primaryimage"},"thumbnailUrl":"http:\/\/lucenic.eu\/wp-content\/uploads\/2022\/11\/1-768x768.jpg","datePublished":"2021-06-05T16:40:25+00:00","dateModified":"2023-12-03T00:46:52+00:00","breadcrumb":{"@id":"https:\/\/lucenic.eu\/?page_id=976#breadcrumb"},"inLanguage":"sk-SK","potentialAction":[{"@type":"ReadAction","target":["https:\/\/lucenic.eu\/?page_id=976"]}]},{"@type":"ImageObject","inLanguage":"sk-SK","@id":"https:\/\/lucenic.eu\/?page_id=976#primaryimage","url":"http:\/\/lucenic.eu\/wp-content\/uploads\/2022\/11\/1-768x768.jpg","contentUrl":"http:\/\/lucenic.eu\/wp-content\/uploads\/2022\/11\/1-768x768.jpg"},{"@type":"BreadcrumbList","@id":"https:\/\/lucenic.eu\/?page_id=976#breadcrumb","itemListElement":[{"@type":"ListItem","position":1,"name":"Home","item":"https:\/\/lucenic.eu\/"},{"@type":"ListItem","position":2,"name":"GAL\u00c9RIA"}]},{"@type":"WebSite","@id":"https:\/\/lucenic.eu\/#website","url":"https:\/\/lucenic.eu\/","name":"LU\u010cENI\u010c s.r.o.","description":"Pre pote\u0161enie z cesty","publisher":{"@id":"https:\/\/lucenic.eu\/#organization"},"potentialAction":[{"@type":"SearchAction","target":{"@type":"EntryPoint","urlTemplate":"https:\/\/lucenic.eu\/?s={search_term_string}"},"query-input":{"@type":"PropertyValueSpecification","valueRequired":true,"valueName":"search_term_string"}}],"inLanguage":"sk-SK"},{"@type":"Organization","@id":"https:\/\/lucenic.eu\/#organization","name":"LU\u010cENI\u010c s.r.o.","url":"https:\/\/lucenic.eu\/","logo":{"@type":"ImageObject","inLanguage":"sk-SK","@id":"https:\/\/lucenic.eu\/#\/schema\/logo\/image\/","url":"https:\/\/lucenic.eu\/wp-content\/uploads\/2020\/04\/Pruhledny.png","contentUrl":"https:\/\/lucenic.eu\/wp-content\/uploads\/2020\/04\/Pruhledny.png","width":1024,"height":389,"caption":"LU\u010cENI\u010c s.r.o."},"image":{"@id":"https:\/\/lucenic.eu\/#\/schema\/logo\/image\/"},"sameAs":["https:\/\/www.facebook.com\/lucenic.sro"]}]}},"_links":{"self":[{"href":"https:\/\/lucenic.eu\/index.php?rest_route=\/wp\/v2\/pages\/976","targetHints":{"allow":["GET"]}}],"collection":[{"href":"https:\/\/lucenic.eu\/index.php?rest_route=\/wp\/v2\/pages"}],"about":[{"href":"https:\/\/lucenic.eu\/index.php?rest_route=\/wp\/v2\/types\/page"}],"author":[{"embeddable":true,"href":"https:\/\/lucenic.eu\/index.php?rest_route=\/wp\/v2\/users\/1"}],"replies":[{"embeddable":true,"href":"https:\/\/lucenic.eu\/index.php?rest_route=%2Fwp%2Fv2%2Fcomments&post=976"}],"version-history":[{"count":6,"href":"https:\/\/lucenic.eu\/index.php?rest_route=\/wp\/v2\/pages\/976\/revisions"}],"predecessor-version":[{"id":2681,"href":"https:\/\/lucenic.eu\/index.php?rest_route=\/wp\/v2\/pages\/976\/revisions\/2681"}],"wp:attachment":[{"href":"https:\/\/lucenic.eu\/index.php?rest_route=%2Fwp%2Fv2%2Fmedia&parent=976"}],"curies":[{"name":"wp","href":"https:\/\/api.w.org\/{rel}","templated":true}]}}